{"id":2774,"date":"2022-01-18T10:03:52","date_gmt":"2022-01-18T07:03:52","guid":{"rendered":"https:\/\/klasik.koyunlukoltuk.com\/zerafet-koltuk-takimi-2\/"},"modified":"2022-02-25T09:03:27","modified_gmt":"2022-02-25T06:03:27","slug":"zarafet-koltuk-takimi","status":"publish","type":"product","link":"https:\/\/klasik.koyunlukoltuk.com\/ru\/product\/zarafet-koltuk-takimi\/","title":{"rendered":"ZARAFET \u041a\u041e\u041c\u041f\u041b\u0415\u041a\u0422 \u0414\u0418\u0412\u0410\u041d\u041e\u0412"},"content":{"rendered":"<p>\u041d\u0430\u0448 \u043f\u0440\u043e\u0434\u0443\u043a\u0442 \u043f\u0440\u0435\u0434\u043b\u0430\u0433\u0430\u0435\u0442\u0441\u044f \u043a \u043f\u0440\u043e\u0434\u0430\u0436\u0435 \u043a\u0430\u043a \u043a\u043e\u043c\u0430\u043d\u0434\u0430 \u0438\u0437 \u043a\u043e\u043c\u0431\u0438\u043d\u0430\u0446\u0438\u0438 3+3+1.<br \/>\n\u041f\u0440\u0438 \u0436\u0435\u043b\u0430\u043d\u0438\u0438 \u0432\u044b \u043c\u043e\u0436\u0435\u0442\u0435 \u043a\u0443\u043f\u0438\u0442\u044c \u0440\u0430\u0437\u043b\u0438\u0447\u043d\u044b\u0435 \u043a\u043e\u043c\u0431\u0438\u043d\u0430\u0446\u0438\u0438.<br \/>\n\u0420\u0435\u0437\u044c\u0431\u043e\u0432\u044b\u0435 \u0434\u0435\u0442\u0430\u043b\u0438 \u043f\u0440\u0435\u0434\u0441\u0442\u0430\u0432\u043b\u044f\u044e\u0442 \u0441\u043e\u0431\u043e\u0439 \u043f\u043e\u043b\u0438\u0443\u0440\u0435\u0442\u0430\u043d\u043e\u0432\u043e\u0435 \u043b\u0438\u0442\u044c\u0435.<br \/>\n\u0414\u0440\u0443\u0433\u0438\u0435 \u0434\u0435\u0442\u0430\u043b\u0438 \u0438\u0437\u0433\u043e\u0442\u043e\u0432\u043b\u0435\u043d\u044b \u0438\u0437 \u0434\u0440\u0435\u0432\u0435\u0441\u0438\u043d\u044b \u0433\u0440\u0430\u0431\u0430.<br \/>\nHR \u0432 32 \u0442\u0430\u043d\u0446\u0430\u0445. \u0413\u0443\u0431\u043a\u0430<br \/>\n1 \u0432 \u043d\u0430\u0448\u0435\u043c \u043f\u0440\u043e\u0434\u0443\u043a\u0442\u0435. \u041f\u0440\u043e\u0438\u0437\u0432\u043e\u0434\u0438\u0442\u0441\u044f \u0438\u0437 \u043a\u043b\u0430\u0441\u0441\u043d\u043e\u0433\u043e \u043c\u0430\u0442\u0435\u0440\u0438\u0430\u043b\u0430.<br \/>\n\u0412 \u043d\u0430\u0448\u0435\u043c \u043f\u0440\u043e\u0434\u0443\u043a\u0442\u0435 \u043d\u0435\u0442 \u043a\u0430\u043d\u0446\u0435\u0440\u043e\u0433\u0435\u043d\u043d\u044b\u0445 \u0432\u0435\u0449\u0435\u0441\u0442\u0432, \u043a\u043e\u0442\u043e\u0440\u044b\u0435 \u043d\u0430\u043d\u0435\u0441\u0443\u0442 \u0432\u0440\u0435\u0434 \u0437\u0434\u043e\u0440\u043e\u0432\u044c\u044e.<\/p>","protected":false},"excerpt":{"rendered":"<p>\u00dcr\u00fcn\u00fcm\u00fcz tak\u0131m olarak 3+3+1 kombinasyonundan sat\u0131\u015fa sunulmaktad\u0131r. Dilerseniz farkl\u0131 kombinasyonlarda sat\u0131n alabilirsiniz. Oyma k\u0131s\u0131mlar\u0131 poli\u00fcretan d\u00f6k\u00fcmd\u00fcr. Di\u011fer k\u0131s\u0131mlar\u0131 G\u00fcrgen A\u011fac\u0131ndan<\/p>","protected":false},"featured_media":2769,"template":"","meta":[],"product_brand":[],"product_cat":[76],"product_tag":[74],"class_list":{"0":"post-2774","1":"product","2":"type-product","3":"status-publish","4":"has-post-thumbnail","6":"product_cat-koltuk-takimlari-2","7":"product_tag-zerafet-koleksiyon","9":"first","10":"instock","11":"shipping-taxable","12":"product-type-simple"},"yoast_head":"<!-- This site is optimized with the Yoast SEO plugin v25.6 - https:\/\/yoast.com\/wordpress\/plugins\/seo\/ -->\n<title>ZARAFET KOLTUK TAKIMI - Koyunlu Koltuk<\/title>\n<meta name=\"robots\" content=\"index, follow, max-snippet:-1, max-image-preview:large, max-video-preview:-1\" \/>\n<link rel=\"canonical\" href=\"https:\/\/klasik.koyunlukoltuk.com\/ru\/product\/zarafet-koltuk-takimi\/\" \/>\n<meta property=\"og:locale\" content=\"ru_RU\" \/>\n<meta property=\"og:type\" content=\"article\" \/>\n<meta property=\"og:title\" content=\"ZARAFET KOLTUK TAKIMI - Koyunlu Koltuk\" \/>\n<meta property=\"og:description\" content=\"\u00dcr\u00fcn\u00fcm\u00fcz tak\u0131m olarak 3+3+1 kombinasyonundan sat\u0131\u015fa sunulmaktad\u0131r. Dilerseniz farkl\u0131 kombinasyonlarda sat\u0131n alabilirsiniz. Oyma k\u0131s\u0131mlar\u0131 poli\u00fcretan d\u00f6k\u00fcmd\u00fcr. Di\u011fer k\u0131s\u0131mlar\u0131 G\u00fcrgen A\u011fac\u0131ndan\" \/>\n<meta property=\"og:url\" content=\"https:\/\/klasik.koyunlukoltuk.com\/ru\/product\/zarafet-koltuk-takimi\/\" \/>\n<meta property=\"og:site_name\" content=\"Koyunlu Koltuk\" \/>\n<meta property=\"article:modified_time\" content=\"2022-02-25T06:03:27+00:00\" \/>\n<meta property=\"og:image\" content=\"https:\/\/klasik.koyunlukoltuk.com\/wp-content\/uploads\/2022\/01\/urun-zerafet-koltuk-takimi-01.jpg\" \/>\n\t<meta property=\"og:image:width\" content=\"1200\" \/>\n\t<meta property=\"og:image:height\" content=\"1200\" \/>\n\t<meta property=\"og:image:type\" content=\"image\/jpeg\" \/>\n<meta name=\"twitter:card\" content=\"summary_large_image\" \/>\n<script type=\"application\/ld+json\" class=\"yoast-schema-graph\">{\"@context\":\"https:\/\/schema.org\",\"@graph\":[{\"@type\":\"WebPage\",\"@id\":\"https:\/\/klasik.koyunlukoltuk.com\/urun\/zarafet-koltuk-takimi\/\",\"url\":\"https:\/\/klasik.koyunlukoltuk.com\/urun\/zarafet-koltuk-takimi\/\",\"name\":\"ZARAFET KOLTUK TAKIMI - Koyunlu Koltuk\",\"isPartOf\":{\"@id\":\"https:\/\/klasik.koyunlukoltuk.com\/#website\"},\"primaryImageOfPage\":{\"@id\":\"https:\/\/klasik.koyunlukoltuk.com\/urun\/zarafet-koltuk-takimi\/#primaryimage\"},\"image\":{\"@id\":\"https:\/\/klasik.koyunlukoltuk.com\/urun\/zarafet-koltuk-takimi\/#primaryimage\"},\"thumbnailUrl\":\"https:\/\/klasik.koyunlukoltuk.com\/wp-content\/uploads\/2022\/01\/urun-zerafet-koltuk-takimi-01.jpg\",\"datePublished\":\"2022-01-18T07:03:52+00:00\",\"dateModified\":\"2022-02-25T06:03:27+00:00\",\"breadcrumb\":{\"@id\":\"https:\/\/klasik.koyunlukoltuk.com\/urun\/zarafet-koltuk-takimi\/#breadcrumb\"},\"inLanguage\":\"ru-RU\",\"potentialAction\":[{\"@type\":\"ReadAction\",\"target\":[\"https:\/\/klasik.koyunlukoltuk.com\/urun\/zarafet-koltuk-takimi\/\"]}]},{\"@type\":\"ImageObject\",\"inLanguage\":\"ru-RU\",\"@id\":\"https:\/\/klasik.koyunlukoltuk.com\/urun\/zarafet-koltuk-takimi\/#primaryimage\",\"url\":\"https:\/\/klasik.koyunlukoltuk.com\/wp-content\/uploads\/2022\/01\/urun-zerafet-koltuk-takimi-01.jpg\",\"contentUrl\":\"https:\/\/klasik.koyunlukoltuk.com\/wp-content\/uploads\/2022\/01\/urun-zerafet-koltuk-takimi-01.jpg\",\"width\":1200,\"height\":1200},{\"@type\":\"BreadcrumbList\",\"@id\":\"https:\/\/klasik.koyunlukoltuk.com\/urun\/zarafet-koltuk-takimi\/#breadcrumb\",\"itemListElement\":[{\"@type\":\"ListItem\",\"position\":1,\"name\":\"Ana sayfa\",\"item\":\"https:\/\/klasik.koyunlukoltuk.com\/\"},{\"@type\":\"ListItem\",\"position\":2,\"name\":\"ZARAFET KOLTUK TAKIMI\"}]},{\"@type\":\"WebSite\",\"@id\":\"https:\/\/klasik.koyunlukoltuk.com\/#website\",\"url\":\"https:\/\/klasik.koyunlukoltuk.com\/\",\"name\":\"Koyunlu Koltuk\",\"description\":\"-\",\"potentialAction\":[{\"@type\":\"SearchAction\",\"target\":{\"@type\":\"EntryPoint\",\"urlTemplate\":\"https:\/\/klasik.koyunlukoltuk.com\/?s={search_term_string}\"},\"query-input\":{\"@type\":\"PropertyValueSpecification\",\"valueRequired\":true,\"valueName\":\"search_term_string\"}}],\"inLanguage\":\"ru-RU\"}]}<\/script>\n<!-- \/ Yoast SEO plugin. -->","yoast_head_json":{"title":"ZARAFET \u041a\u041e\u041c\u041f\u041b\u0415\u041a\u0422 \u0414\u0418\u0412\u0410\u041d\u041e\u0412 - Koyunlu \u0421\u0438\u0434\u0435\u043d\u044c\u0435","robots":{"index":"index","follow":"follow","max-snippet":"max-snippet:-1","max-image-preview":"max-image-preview:large","max-video-preview":"max-video-preview:-1"},"canonical":"https:\/\/klasik.koyunlukoltuk.com\/ru\/product\/zarafet-koltuk-takimi\/","og_locale":"ru_RU","og_type":"article","og_title":"ZARAFET KOLTUK TAKIMI - Koyunlu Koltuk","og_description":"\u00dcr\u00fcn\u00fcm\u00fcz tak\u0131m olarak 3+3+1 kombinasyonundan sat\u0131\u015fa sunulmaktad\u0131r. Dilerseniz farkl\u0131 kombinasyonlarda sat\u0131n alabilirsiniz. Oyma k\u0131s\u0131mlar\u0131 poli\u00fcretan d\u00f6k\u00fcmd\u00fcr. Di\u011fer k\u0131s\u0131mlar\u0131 G\u00fcrgen A\u011fac\u0131ndan","og_url":"https:\/\/klasik.koyunlukoltuk.com\/ru\/product\/zarafet-koltuk-takimi\/","og_site_name":"Koyunlu Koltuk","article_modified_time":"2022-02-25T06:03:27+00:00","og_image":[{"width":1200,"height":1200,"url":"https:\/\/klasik.koyunlukoltuk.com\/wp-content\/uploads\/2022\/01\/urun-zerafet-koltuk-takimi-01.jpg","type":"image\/jpeg"}],"twitter_card":"summary_large_image","schema":{"@context":"https:\/\/schema.org","@graph":[{"@type":"WebPage","@id":"https:\/\/klasik.koyunlukoltuk.com\/urun\/zarafet-koltuk-takimi\/","url":"https:\/\/klasik.koyunlukoltuk.com\/urun\/zarafet-koltuk-takimi\/","name":"ZARAFET \u041a\u041e\u041c\u041f\u041b\u0415\u041a\u0422 \u0414\u0418\u0412\u0410\u041d\u041e\u0412 - Koyunlu \u0421\u0438\u0434\u0435\u043d\u044c\u0435","isPartOf":{"@id":"https:\/\/klasik.koyunlukoltuk.com\/#website"},"primaryImageOfPage":{"@id":"https:\/\/klasik.koyunlukoltuk.com\/urun\/zarafet-koltuk-takimi\/#primaryimage"},"image":{"@id":"https:\/\/klasik.koyunlukoltuk.com\/urun\/zarafet-koltuk-takimi\/#primaryimage"},"thumbnailUrl":"https:\/\/klasik.koyunlukoltuk.com\/wp-content\/uploads\/2022\/01\/urun-zerafet-koltuk-takimi-01.jpg","datePublished":"2022-01-18T07:03:52+00:00","dateModified":"2022-02-25T06:03:27+00:00","breadcrumb":{"@id":"https:\/\/klasik.koyunlukoltuk.com\/urun\/zarafet-koltuk-takimi\/#breadcrumb"},"inLanguage":"ru-RU","potentialAction":[{"@type":"ReadAction","target":["https:\/\/klasik.koyunlukoltuk.com\/urun\/zarafet-koltuk-takimi\/"]}]},{"@type":"ImageObject","inLanguage":"ru-RU","@id":"https:\/\/klasik.koyunlukoltuk.com\/urun\/zarafet-koltuk-takimi\/#primaryimage","url":"https:\/\/klasik.koyunlukoltuk.com\/wp-content\/uploads\/2022\/01\/urun-zerafet-koltuk-takimi-01.jpg","contentUrl":"https:\/\/klasik.koyunlukoltuk.com\/wp-content\/uploads\/2022\/01\/urun-zerafet-koltuk-takimi-01.jpg","width":1200,"height":1200},{"@type":"BreadcrumbList","@id":"https:\/\/klasik.koyunlukoltuk.com\/urun\/zarafet-koltuk-takimi\/#breadcrumb","itemListElement":[{"@type":"ListItem","position":1,"name":"Ana sayfa","item":"https:\/\/klasik.koyunlukoltuk.com\/"},{"@type":"ListItem","position":2,"name":"ZARAFET KOLTUK TAKIMI"}]},{"@type":"WebSite","@id":"https:\/\/klasik.koyunlukoltuk.com\/#website","url":"https:\/\/klasik.koyunlukoltuk.com\/","name":"Koyunlu \u0421\u0438\u0434\u0435\u043d\u044c\u0435","description":"-","potentialAction":[{"@type":"SearchAction","target":{"@type":"EntryPoint","urlTemplate":"https:\/\/klasik.koyunlukoltuk.com\/?s={search_term_string}"},"query-input":{"@type":"PropertyValueSpecification","valueRequired":true,"valueName":"search_term_string"}}],"inLanguage":"ru-RU"}]}},"_links":{"self":[{"href":"https:\/\/klasik.koyunlukoltuk.com\/ru\/wp-json\/wp\/v2\/product\/2774","targetHints":{"allow":["GET"]}}],"collection":[{"href":"https:\/\/klasik.koyunlukoltuk.com\/ru\/wp-json\/wp\/v2\/product"}],"about":[{"href":"https:\/\/klasik.koyunlukoltuk.com\/ru\/wp-json\/wp\/v2\/types\/product"}],"wp:featuredmedia":[{"embeddable":true,"href":"https:\/\/klasik.koyunlukoltuk.com\/ru\/wp-json\/wp\/v2\/media\/2769"}],"wp:attachment":[{"href":"https:\/\/klasik.koyunlukoltuk.com\/ru\/wp-json\/wp\/v2\/media?parent=2774"}],"wp:term":[{"taxonomy":"product_brand","embeddable":true,"href":"https:\/\/klasik.koyunlukoltuk.com\/ru\/wp-json\/wp\/v2\/product_brand?post=2774"},{"taxonomy":"product_cat","embeddable":true,"href":"https:\/\/klasik.koyunlukoltuk.com\/ru\/wp-json\/wp\/v2\/product_cat?post=2774"},{"taxonomy":"product_tag","embeddable":true,"href":"https:\/\/klasik.koyunlukoltuk.com\/ru\/wp-json\/wp\/v2\/product_tag?post=2774"}],"curies":[{"name":"wp","href":"https:\/\/api.w.org\/{rel}","templated":true}]}}