{"id":1112,"date":"2021-12-27T14:12:15","date_gmt":"2021-12-27T11:12:15","guid":{"rendered":"https:\/\/klasik.koyunlukoltuk.com\/zerafet-yatak-odasi-takimi\/"},"modified":"2022-02-25T09:03:40","modified_gmt":"2022-02-25T06:03:40","slug":"zarafet-yatak-odasi-takimi","status":"publish","type":"product","link":"https:\/\/klasik.koyunlukoltuk.com\/ru\/product\/zarafet-yatak-odasi-takimi\/","title":{"rendered":"ZARAFET \u041a\u041e\u041c\u041f\u041b\u0415\u041a\u0422 \u0414\u041b\u042f \u0421\u041f\u0410\u041b\u042c\u041d\u0418"},"content":{"rendered":"<p>\u041f\u043e\u043b\u0438\u0443\u0440\u0435\u0442\u0430\u043d\u043e\u0432\u043e\u0435 \u043b\u0438\u0442\u044c\u0435 \u0438\u0441\u043f\u043e\u043b\u044c\u0437\u043e\u0432\u0430\u043b\u043e\u0441\u044c \u0432 \u0440\u0435\u0437\u044c\u0431\u0435 \u0434\u0435\u0442\u0430\u043b\u0435\u0439.<br \/>\n\u041c\u0414\u0424 \u0438\u0441\u043f\u043e\u043b\u044c\u0437\u0443\u0435\u0442\u0441\u044f \u0432 \u0441\u0431\u043e\u0440\u043a\u0435 \u043a\u043e\u0440\u043f\u0443\u0441\u0430.<br \/>\n\u0417\u0435\u0440\u043a\u0430\u043b\u0430 \u0431\u0440\u043e\u043d\u0437\u043e\u0432\u044b\u0435.<br \/>\n\u0412 \u0435\u0433\u043e \u043f\u043e\u043b\u0438\u0440\u043e\u0432\u043a\u0435 \u043d\u0435\u0442 \u043a\u0430\u043d\u0446\u0435\u0440\u043e\u0433\u0435\u043d\u043d\u044b\u0445 \u0432\u0435\u0449\u0435\u0441\u0442\u0432.<br \/>\n\u041f\u0440\u043e\u0432\u0435\u0434\u0435\u043d\u043e \u0438\u0441\u0441\u043b\u0435\u0434\u043e\u0432\u0430\u043d\u0438\u0435 \u043f\u043b\u0430\u0442\u0438\u043d\u043e\u0432\u043e\u0433\u043e \u0432\u0430\u0440\u0430\u043a\u0430.<br \/>\n\u0412 \u0440\u0435\u0437\u044c\u0431\u0435 \u0434\u0435\u0442\u0430\u043b\u0435\u0439 \u0432\u044b\u043f\u043e\u043b\u043d\u044f\u043b\u0430\u0441\u044c \u0440\u0430\u0437\u043d\u043e\u043e\u0431\u0440\u0430\u0437\u043d\u0430\u044f \u0440\u0430\u0431\u043e\u0442\u0430 \u043f\u043e \u0437\u043e\u043b\u043e\u0442\u0443.<br \/>\n1 \u0432 \u043d\u0430\u0448\u0435\u043c \u043f\u0440\u043e\u0434\u0443\u043a\u0442\u0435. \u041f\u0440\u043e\u0438\u0437\u0432\u043e\u0434\u0438\u0442\u0441\u044f \u0438\u0437 \u043a\u043b\u0430\u0441\u0441\u043d\u043e\u0433\u043e \u043c\u0430\u0442\u0435\u0440\u0438\u0430\u043b\u0430.<br \/>\n\u0411\u044b\u043b\u043e \u043f\u0440\u0438\u043c\u0435\u043d\u0435\u043d\u043e \u043e\u0437\u0435\u0440\u043e \u041f\u043e\u043b\u044c\u0441\u043a\u043e\u0435.<\/p>","protected":false},"excerpt":{"rendered":"<p>Oyma k\u0131s\u0131mlar\u0131nda poli\u00fcretan d\u00f6k\u00fcm kullan\u0131lm\u0131\u015ft\u0131r. Kasa aksam\u0131nda MDF kullan\u0131lm\u0131\u015ft\u0131r. Aynalar bronz renktedir. Cilas\u0131nda kanserojen madde bulunmamaktad\u0131r. Platin varak \u00e7al\u0131\u015fmas\u0131 yap\u0131lm\u0131\u015ft\u0131r.<\/p>","protected":false},"featured_media":2252,"template":"","meta":[],"product_brand":[],"product_cat":[77],"product_tag":[74],"class_list":{"0":"post-1112","1":"product","2":"type-product","3":"status-publish","4":"has-post-thumbnail","6":"product_cat-yatak-odasi-takimlari-2","7":"product_tag-zerafet-koleksiyon","9":"first","10":"instock","11":"shipping-taxable","12":"product-type-simple"},"yoast_head":"<!-- This site is optimized with the Yoast SEO plugin v25.6 - https:\/\/yoast.com\/wordpress\/plugins\/seo\/ -->\n<title>ZARAFET YATAK ODASI TAKIMI - Koyunlu Koltuk<\/title>\n<meta name=\"robots\" content=\"index, follow, max-snippet:-1, max-image-preview:large, max-video-preview:-1\" \/>\n<link rel=\"canonical\" href=\"https:\/\/klasik.koyunlukoltuk.com\/ru\/product\/zarafet-yatak-odasi-takimi\/\" \/>\n<meta property=\"og:locale\" content=\"ru_RU\" \/>\n<meta property=\"og:type\" content=\"article\" \/>\n<meta property=\"og:title\" content=\"ZARAFET YATAK ODASI TAKIMI - Koyunlu Koltuk\" \/>\n<meta property=\"og:description\" content=\"Oyma k\u0131s\u0131mlar\u0131nda poli\u00fcretan d\u00f6k\u00fcm kullan\u0131lm\u0131\u015ft\u0131r. Kasa aksam\u0131nda MDF kullan\u0131lm\u0131\u015ft\u0131r. Aynalar bronz renktedir. Cilas\u0131nda kanserojen madde bulunmamaktad\u0131r. Platin varak \u00e7al\u0131\u015fmas\u0131 yap\u0131lm\u0131\u015ft\u0131r.\" \/>\n<meta property=\"og:url\" content=\"https:\/\/klasik.koyunlukoltuk.com\/ru\/product\/zarafet-yatak-odasi-takimi\/\" \/>\n<meta property=\"og:site_name\" content=\"Koyunlu Koltuk\" \/>\n<meta property=\"article:modified_time\" content=\"2022-02-25T06:03:40+00:00\" \/>\n<meta property=\"og:image\" content=\"https:\/\/klasik.koyunlukoltuk.com\/wp-content\/uploads\/2021\/12\/zerafet-yatak-1.jpg\" \/>\n\t<meta property=\"og:image:width\" content=\"300\" \/>\n\t<meta property=\"og:image:height\" content=\"300\" \/>\n\t<meta property=\"og:image:type\" content=\"image\/jpeg\" \/>\n<meta name=\"twitter:card\" content=\"summary_large_image\" \/>\n<script type=\"application\/ld+json\" class=\"yoast-schema-graph\">{\"@context\":\"https:\/\/schema.org\",\"@graph\":[{\"@type\":\"WebPage\",\"@id\":\"https:\/\/klasik.koyunlukoltuk.com\/urun\/zarafet-yatak-odasi-takimi\/\",\"url\":\"https:\/\/klasik.koyunlukoltuk.com\/urun\/zarafet-yatak-odasi-takimi\/\",\"name\":\"ZARAFET YATAK ODASI TAKIMI - Koyunlu Koltuk\",\"isPartOf\":{\"@id\":\"https:\/\/klasik.koyunlukoltuk.com\/#website\"},\"primaryImageOfPage\":{\"@id\":\"https:\/\/klasik.koyunlukoltuk.com\/urun\/zarafet-yatak-odasi-takimi\/#primaryimage\"},\"image\":{\"@id\":\"https:\/\/klasik.koyunlukoltuk.com\/urun\/zarafet-yatak-odasi-takimi\/#primaryimage\"},\"thumbnailUrl\":\"https:\/\/klasik.koyunlukoltuk.com\/wp-content\/uploads\/2021\/12\/zerafet-yatak-1.jpg\",\"datePublished\":\"2021-12-27T11:12:15+00:00\",\"dateModified\":\"2022-02-25T06:03:40+00:00\",\"breadcrumb\":{\"@id\":\"https:\/\/klasik.koyunlukoltuk.com\/urun\/zarafet-yatak-odasi-takimi\/#breadcrumb\"},\"inLanguage\":\"ru-RU\",\"potentialAction\":[{\"@type\":\"ReadAction\",\"target\":[\"https:\/\/klasik.koyunlukoltuk.com\/urun\/zarafet-yatak-odasi-takimi\/\"]}]},{\"@type\":\"ImageObject\",\"inLanguage\":\"ru-RU\",\"@id\":\"https:\/\/klasik.koyunlukoltuk.com\/urun\/zarafet-yatak-odasi-takimi\/#primaryimage\",\"url\":\"https:\/\/klasik.koyunlukoltuk.com\/wp-content\/uploads\/2021\/12\/zerafet-yatak-1.jpg\",\"contentUrl\":\"https:\/\/klasik.koyunlukoltuk.com\/wp-content\/uploads\/2021\/12\/zerafet-yatak-1.jpg\",\"width\":300,\"height\":300},{\"@type\":\"BreadcrumbList\",\"@id\":\"https:\/\/klasik.koyunlukoltuk.com\/urun\/zarafet-yatak-odasi-takimi\/#breadcrumb\",\"itemListElement\":[{\"@type\":\"ListItem\",\"position\":1,\"name\":\"Ana sayfa\",\"item\":\"https:\/\/klasik.koyunlukoltuk.com\/\"},{\"@type\":\"ListItem\",\"position\":2,\"name\":\"ZARAFET YATAK ODASI TAKIMI\"}]},{\"@type\":\"WebSite\",\"@id\":\"https:\/\/klasik.koyunlukoltuk.com\/#website\",\"url\":\"https:\/\/klasik.koyunlukoltuk.com\/\",\"name\":\"Koyunlu Koltuk\",\"description\":\"-\",\"potentialAction\":[{\"@type\":\"SearchAction\",\"target\":{\"@type\":\"EntryPoint\",\"urlTemplate\":\"https:\/\/klasik.koyunlukoltuk.com\/?s={search_term_string}\"},\"query-input\":{\"@type\":\"PropertyValueSpecification\",\"valueRequired\":true,\"valueName\":\"search_term_string\"}}],\"inLanguage\":\"ru-RU\"}]}<\/script>\n<!-- \/ Yoast SEO plugin. -->","yoast_head_json":{"title":"ZARAFET \u041a\u041e\u041c\u041f\u041b\u0415\u041a\u0422 \u0414\u041b\u042f \u0421\u041f\u0410\u041b\u042c\u041d\u0418 - Koyunlu \u0421\u0438\u0434\u0435\u043d\u044c\u0435","robots":{"index":"index","follow":"follow","max-snippet":"max-snippet:-1","max-image-preview":"max-image-preview:large","max-video-preview":"max-video-preview:-1"},"canonical":"https:\/\/klasik.koyunlukoltuk.com\/ru\/product\/zarafet-yatak-odasi-takimi\/","og_locale":"ru_RU","og_type":"article","og_title":"ZARAFET YATAK ODASI TAKIMI - Koyunlu Koltuk","og_description":"Oyma k\u0131s\u0131mlar\u0131nda poli\u00fcretan d\u00f6k\u00fcm kullan\u0131lm\u0131\u015ft\u0131r. Kasa aksam\u0131nda MDF kullan\u0131lm\u0131\u015ft\u0131r. Aynalar bronz renktedir. Cilas\u0131nda kanserojen madde bulunmamaktad\u0131r. Platin varak \u00e7al\u0131\u015fmas\u0131 yap\u0131lm\u0131\u015ft\u0131r.","og_url":"https:\/\/klasik.koyunlukoltuk.com\/ru\/product\/zarafet-yatak-odasi-takimi\/","og_site_name":"Koyunlu Koltuk","article_modified_time":"2022-02-25T06:03:40+00:00","og_image":[{"width":300,"height":300,"url":"https:\/\/klasik.koyunlukoltuk.com\/wp-content\/uploads\/2021\/12\/zerafet-yatak-1.jpg","type":"image\/jpeg"}],"twitter_card":"summary_large_image","schema":{"@context":"https:\/\/schema.org","@graph":[{"@type":"WebPage","@id":"https:\/\/klasik.koyunlukoltuk.com\/urun\/zarafet-yatak-odasi-takimi\/","url":"https:\/\/klasik.koyunlukoltuk.com\/urun\/zarafet-yatak-odasi-takimi\/","name":"ZARAFET \u041a\u041e\u041c\u041f\u041b\u0415\u041a\u0422 \u0414\u041b\u042f \u0421\u041f\u0410\u041b\u042c\u041d\u0418 - Koyunlu \u0421\u0438\u0434\u0435\u043d\u044c\u0435","isPartOf":{"@id":"https:\/\/klasik.koyunlukoltuk.com\/#website"},"primaryImageOfPage":{"@id":"https:\/\/klasik.koyunlukoltuk.com\/urun\/zarafet-yatak-odasi-takimi\/#primaryimage"},"image":{"@id":"https:\/\/klasik.koyunlukoltuk.com\/urun\/zarafet-yatak-odasi-takimi\/#primaryimage"},"thumbnailUrl":"https:\/\/klasik.koyunlukoltuk.com\/wp-content\/uploads\/2021\/12\/zerafet-yatak-1.jpg","datePublished":"2021-12-27T11:12:15+00:00","dateModified":"2022-02-25T06:03:40+00:00","breadcrumb":{"@id":"https:\/\/klasik.koyunlukoltuk.com\/urun\/zarafet-yatak-odasi-takimi\/#breadcrumb"},"inLanguage":"ru-RU","potentialAction":[{"@type":"ReadAction","target":["https:\/\/klasik.koyunlukoltuk.com\/urun\/zarafet-yatak-odasi-takimi\/"]}]},{"@type":"ImageObject","inLanguage":"ru-RU","@id":"https:\/\/klasik.koyunlukoltuk.com\/urun\/zarafet-yatak-odasi-takimi\/#primaryimage","url":"https:\/\/klasik.koyunlukoltuk.com\/wp-content\/uploads\/2021\/12\/zerafet-yatak-1.jpg","contentUrl":"https:\/\/klasik.koyunlukoltuk.com\/wp-content\/uploads\/2021\/12\/zerafet-yatak-1.jpg","width":300,"height":300},{"@type":"BreadcrumbList","@id":"https:\/\/klasik.koyunlukoltuk.com\/urun\/zarafet-yatak-odasi-takimi\/#breadcrumb","itemListElement":[{"@type":"ListItem","position":1,"name":"Ana sayfa","item":"https:\/\/klasik.koyunlukoltuk.com\/"},{"@type":"ListItem","position":2,"name":"ZARAFET YATAK ODASI TAKIMI"}]},{"@type":"WebSite","@id":"https:\/\/klasik.koyunlukoltuk.com\/#website","url":"https:\/\/klasik.koyunlukoltuk.com\/","name":"Koyunlu \u0421\u0438\u0434\u0435\u043d\u044c\u0435","description":"-","potentialAction":[{"@type":"SearchAction","target":{"@type":"EntryPoint","urlTemplate":"https:\/\/klasik.koyunlukoltuk.com\/?s={search_term_string}"},"query-input":{"@type":"PropertyValueSpecification","valueRequired":true,"valueName":"search_term_string"}}],"inLanguage":"ru-RU"}]}},"_links":{"self":[{"href":"https:\/\/klasik.koyunlukoltuk.com\/ru\/wp-json\/wp\/v2\/product\/1112","targetHints":{"allow":["GET"]}}],"collection":[{"href":"https:\/\/klasik.koyunlukoltuk.com\/ru\/wp-json\/wp\/v2\/product"}],"about":[{"href":"https:\/\/klasik.koyunlukoltuk.com\/ru\/wp-json\/wp\/v2\/types\/product"}],"wp:featuredmedia":[{"embeddable":true,"href":"https:\/\/klasik.koyunlukoltuk.com\/ru\/wp-json\/wp\/v2\/media\/2252"}],"wp:attachment":[{"href":"https:\/\/klasik.koyunlukoltuk.com\/ru\/wp-json\/wp\/v2\/media?parent=1112"}],"wp:term":[{"taxonomy":"product_brand","embeddable":true,"href":"https:\/\/klasik.koyunlukoltuk.com\/ru\/wp-json\/wp\/v2\/product_brand?post=1112"},{"taxonomy":"product_cat","embeddable":true,"href":"https:\/\/klasik.koyunlukoltuk.com\/ru\/wp-json\/wp\/v2\/product_cat?post=1112"},{"taxonomy":"product_tag","embeddable":true,"href":"https:\/\/klasik.koyunlukoltuk.com\/ru\/wp-json\/wp\/v2\/product_tag?post=1112"}],"curies":[{"name":"wp","href":"https:\/\/api.w.org\/{rel}","templated":true}]}}