{"id":1237,"date":"2021-12-27T16:43:24","date_gmt":"2021-12-27T13:43:24","guid":{"rendered":"https:\/\/klasik.koyunlukoltuk.com\/burberry-yemek-odasi-takimi\/"},"modified":"2022-07-25T11:34:11","modified_gmt":"2022-07-25T08:34:11","slug":"burberry-yemek-odasi-takimi","status":"publish","type":"product","link":"https:\/\/klasik.koyunlukoltuk.com\/en\/product\/burberry-yemek-odasi-takimi\/","title":{"rendered":"BURBERY DINING ROOM SET"},"content":{"rendered":"<p>Our product consists of Console, Dining Table and 6 Chairs.<br \/>\nOther products are not included in the price. It is offered for sale as an option.<br \/>\nMDF with frame parts is used.<br \/>\nAs a polish, Lacquer Lacquer, which does not contain carcinogenic substances, was applied.<br \/>\nPolyurethane casting is used in the carving parts.<br \/>\nIt is comfortable, comfortable, healthy and ergonomic design.<br \/>\nOur product is produced with 1st class material.<br \/>\nThere are no carcinogenic substances in our product that can harm health.<\/p>","protected":false},"excerpt":{"rendered":"<p>\u00dcr\u00fcn\u00fcm\u00fcz Konsol, Yemek Masas\u0131 ve 6 Adet Sandalye&#8217;den olu\u015fmaktad\u0131r. Di\u011fer \u00fcr\u00fcnler fiyata dahil de\u011fildir. Opsiyonel olarak sat\u0131\u015fa sunulmaktad\u0131r. Kasa aksaml\u0131<\/p>","protected":false},"featured_media":4571,"template":"","meta":[],"product_brand":[],"product_cat":[78],"product_tag":[],"class_list":{"0":"post-1237","1":"product","2":"type-product","3":"status-publish","4":"has-post-thumbnail","6":"product_cat-yemek-odasi-takimlari-3","8":"first","9":"instock","10":"shipping-taxable","11":"product-type-simple"},"yoast_head":"<!-- This site is optimized with the Yoast SEO plugin v25.6 - https:\/\/yoast.com\/wordpress\/plugins\/seo\/ -->\n<title>BURBERY YEMEK ODASI TAKIMI - Koyunlu Koltuk<\/title>\n<meta name=\"robots\" content=\"index, follow, max-snippet:-1, max-image-preview:large, max-video-preview:-1\" \/>\n<link rel=\"canonical\" href=\"https:\/\/klasik.koyunlukoltuk.com\/en\/product\/burberry-yemek-odasi-takimi\/\" \/>\n<meta property=\"og:locale\" content=\"en_GB\" \/>\n<meta property=\"og:type\" content=\"article\" \/>\n<meta property=\"og:title\" content=\"BURBERY YEMEK ODASI TAKIMI - Koyunlu Koltuk\" \/>\n<meta property=\"og:description\" content=\"\u00dcr\u00fcn\u00fcm\u00fcz Konsol, Yemek Masas\u0131 ve 6 Adet Sandalye&#8217;den olu\u015fmaktad\u0131r. Di\u011fer \u00fcr\u00fcnler fiyata dahil de\u011fildir. Opsiyonel olarak sat\u0131\u015fa sunulmaktad\u0131r. Kasa aksaml\u0131\" \/>\n<meta property=\"og:url\" content=\"https:\/\/klasik.koyunlukoltuk.com\/en\/product\/burberry-yemek-odasi-takimi\/\" \/>\n<meta property=\"og:site_name\" content=\"Koyunlu Koltuk\" \/>\n<meta property=\"article:modified_time\" content=\"2022-07-25T08:34:11+00:00\" \/>\n<meta property=\"og:image\" content=\"https:\/\/klasik.koyunlukoltuk.com\/wp-content\/uploads\/2021\/12\/urun-burberry-yemek-odasi-takim.jpg\" \/>\n\t<meta property=\"og:image:width\" content=\"1800\" \/>\n\t<meta property=\"og:image:height\" content=\"1200\" \/>\n\t<meta property=\"og:image:type\" content=\"image\/jpeg\" \/>\n<meta name=\"twitter:card\" content=\"summary_large_image\" \/>\n<script type=\"application\/ld+json\" class=\"yoast-schema-graph\">{\"@context\":\"https:\/\/schema.org\",\"@graph\":[{\"@type\":\"WebPage\",\"@id\":\"https:\/\/klasik.koyunlukoltuk.com\/urun\/burberry-yemek-odasi-takimi\/\",\"url\":\"https:\/\/klasik.koyunlukoltuk.com\/urun\/burberry-yemek-odasi-takimi\/\",\"name\":\"BURBERY YEMEK ODASI TAKIMI - Koyunlu Koltuk\",\"isPartOf\":{\"@id\":\"https:\/\/klasik.koyunlukoltuk.com\/#website\"},\"primaryImageOfPage\":{\"@id\":\"https:\/\/klasik.koyunlukoltuk.com\/urun\/burberry-yemek-odasi-takimi\/#primaryimage\"},\"image\":{\"@id\":\"https:\/\/klasik.koyunlukoltuk.com\/urun\/burberry-yemek-odasi-takimi\/#primaryimage\"},\"thumbnailUrl\":\"https:\/\/klasik.koyunlukoltuk.com\/wp-content\/uploads\/2021\/12\/urun-burberry-yemek-odasi-takim.jpg\",\"datePublished\":\"2021-12-27T13:43:24+00:00\",\"dateModified\":\"2022-07-25T08:34:11+00:00\",\"breadcrumb\":{\"@id\":\"https:\/\/klasik.koyunlukoltuk.com\/urun\/burberry-yemek-odasi-takimi\/#breadcrumb\"},\"inLanguage\":\"en-GB\",\"potentialAction\":[{\"@type\":\"ReadAction\",\"target\":[\"https:\/\/klasik.koyunlukoltuk.com\/urun\/burberry-yemek-odasi-takimi\/\"]}]},{\"@type\":\"ImageObject\",\"inLanguage\":\"en-GB\",\"@id\":\"https:\/\/klasik.koyunlukoltuk.com\/urun\/burberry-yemek-odasi-takimi\/#primaryimage\",\"url\":\"https:\/\/klasik.koyunlukoltuk.com\/wp-content\/uploads\/2021\/12\/urun-burberry-yemek-odasi-takim.jpg\",\"contentUrl\":\"https:\/\/klasik.koyunlukoltuk.com\/wp-content\/uploads\/2021\/12\/urun-burberry-yemek-odasi-takim.jpg\",\"width\":1800,\"height\":1200},{\"@type\":\"BreadcrumbList\",\"@id\":\"https:\/\/klasik.koyunlukoltuk.com\/urun\/burberry-yemek-odasi-takimi\/#breadcrumb\",\"itemListElement\":[{\"@type\":\"ListItem\",\"position\":1,\"name\":\"Ana sayfa\",\"item\":\"https:\/\/klasik.koyunlukoltuk.com\/\"},{\"@type\":\"ListItem\",\"position\":2,\"name\":\"BURBERY YEMEK ODASI TAKIMI\"}]},{\"@type\":\"WebSite\",\"@id\":\"https:\/\/klasik.koyunlukoltuk.com\/#website\",\"url\":\"https:\/\/klasik.koyunlukoltuk.com\/\",\"name\":\"Koyunlu Koltuk\",\"description\":\"-\",\"potentialAction\":[{\"@type\":\"SearchAction\",\"target\":{\"@type\":\"EntryPoint\",\"urlTemplate\":\"https:\/\/klasik.koyunlukoltuk.com\/?s={search_term_string}\"},\"query-input\":{\"@type\":\"PropertyValueSpecification\",\"valueRequired\":true,\"valueName\":\"search_term_string\"}}],\"inLanguage\":\"en-GB\"}]}<\/script>\n<!-- \/ Yoast SEO plugin. -->","yoast_head_json":{"title":"BURBERY DINING ROOM SET - Koyunlu Sofa","robots":{"index":"index","follow":"follow","max-snippet":"max-snippet:-1","max-image-preview":"max-image-preview:large","max-video-preview":"max-video-preview:-1"},"canonical":"https:\/\/klasik.koyunlukoltuk.com\/en\/product\/burberry-yemek-odasi-takimi\/","og_locale":"en_GB","og_type":"article","og_title":"BURBERY YEMEK ODASI TAKIMI - Koyunlu Koltuk","og_description":"\u00dcr\u00fcn\u00fcm\u00fcz Konsol, Yemek Masas\u0131 ve 6 Adet Sandalye&#8217;den olu\u015fmaktad\u0131r. Di\u011fer \u00fcr\u00fcnler fiyata dahil de\u011fildir. Opsiyonel olarak sat\u0131\u015fa sunulmaktad\u0131r. Kasa aksaml\u0131","og_url":"https:\/\/klasik.koyunlukoltuk.com\/en\/product\/burberry-yemek-odasi-takimi\/","og_site_name":"Koyunlu Koltuk","article_modified_time":"2022-07-25T08:34:11+00:00","og_image":[{"width":1800,"height":1200,"url":"https:\/\/klasik.koyunlukoltuk.com\/wp-content\/uploads\/2021\/12\/urun-burberry-yemek-odasi-takim.jpg","type":"image\/jpeg"}],"twitter_card":"summary_large_image","schema":{"@context":"https:\/\/schema.org","@graph":[{"@type":"WebPage","@id":"https:\/\/klasik.koyunlukoltuk.com\/urun\/burberry-yemek-odasi-takimi\/","url":"https:\/\/klasik.koyunlukoltuk.com\/urun\/burberry-yemek-odasi-takimi\/","name":"BURBERY DINING ROOM SET - Koyunlu Sofa","isPartOf":{"@id":"https:\/\/klasik.koyunlukoltuk.com\/#website"},"primaryImageOfPage":{"@id":"https:\/\/klasik.koyunlukoltuk.com\/urun\/burberry-yemek-odasi-takimi\/#primaryimage"},"image":{"@id":"https:\/\/klasik.koyunlukoltuk.com\/urun\/burberry-yemek-odasi-takimi\/#primaryimage"},"thumbnailUrl":"https:\/\/klasik.koyunlukoltuk.com\/wp-content\/uploads\/2021\/12\/urun-burberry-yemek-odasi-takim.jpg","datePublished":"2021-12-27T13:43:24+00:00","dateModified":"2022-07-25T08:34:11+00:00","breadcrumb":{"@id":"https:\/\/klasik.koyunlukoltuk.com\/urun\/burberry-yemek-odasi-takimi\/#breadcrumb"},"inLanguage":"en-GB","potentialAction":[{"@type":"ReadAction","target":["https:\/\/klasik.koyunlukoltuk.com\/urun\/burberry-yemek-odasi-takimi\/"]}]},{"@type":"ImageObject","inLanguage":"en-GB","@id":"https:\/\/klasik.koyunlukoltuk.com\/urun\/burberry-yemek-odasi-takimi\/#primaryimage","url":"https:\/\/klasik.koyunlukoltuk.com\/wp-content\/uploads\/2021\/12\/urun-burberry-yemek-odasi-takim.jpg","contentUrl":"https:\/\/klasik.koyunlukoltuk.com\/wp-content\/uploads\/2021\/12\/urun-burberry-yemek-odasi-takim.jpg","width":1800,"height":1200},{"@type":"BreadcrumbList","@id":"https:\/\/klasik.koyunlukoltuk.com\/urun\/burberry-yemek-odasi-takimi\/#breadcrumb","itemListElement":[{"@type":"ListItem","position":1,"name":"Ana sayfa","item":"https:\/\/klasik.koyunlukoltuk.com\/"},{"@type":"ListItem","position":2,"name":"BURBERY YEMEK ODASI TAKIMI"}]},{"@type":"WebSite","@id":"https:\/\/klasik.koyunlukoltuk.com\/#website","url":"https:\/\/klasik.koyunlukoltuk.com\/","name":"Koyunlu Sofa","description":"-","potentialAction":[{"@type":"SearchAction","target":{"@type":"EntryPoint","urlTemplate":"https:\/\/klasik.koyunlukoltuk.com\/?s={search_term_string}"},"query-input":{"@type":"PropertyValueSpecification","valueRequired":true,"valueName":"search_term_string"}}],"inLanguage":"en-GB"}]}},"_links":{"self":[{"href":"https:\/\/klasik.koyunlukoltuk.com\/en\/wp-json\/wp\/v2\/product\/1237","targetHints":{"allow":["GET"]}}],"collection":[{"href":"https:\/\/klasik.koyunlukoltuk.com\/en\/wp-json\/wp\/v2\/product"}],"about":[{"href":"https:\/\/klasik.koyunlukoltuk.com\/en\/wp-json\/wp\/v2\/types\/product"}],"wp:featuredmedia":[{"embeddable":true,"href":"https:\/\/klasik.koyunlukoltuk.com\/en\/wp-json\/wp\/v2\/media\/4571"}],"wp:attachment":[{"href":"https:\/\/klasik.koyunlukoltuk.com\/en\/wp-json\/wp\/v2\/media?parent=1237"}],"wp:term":[{"taxonomy":"product_brand","embeddable":true,"href":"https:\/\/klasik.koyunlukoltuk.com\/en\/wp-json\/wp\/v2\/product_brand?post=1237"},{"taxonomy":"product_cat","embeddable":true,"href":"https:\/\/klasik.koyunlukoltuk.com\/en\/wp-json\/wp\/v2\/product_cat?post=1237"},{"taxonomy":"product_tag","embeddable":true,"href":"https:\/\/klasik.koyunlukoltuk.com\/en\/wp-json\/wp\/v2\/product_tag?post=1237"}],"curies":[{"name":"wp","href":"https:\/\/api.w.org\/{rel}","templated":true}]}}