{"id":7818,"date":"2024-01-02T21:02:52","date_gmt":"2024-01-02T18:02:52","guid":{"rendered":"https:\/\/klasik.koyunlukoltuk.com\/?page_id=7818"},"modified":"2024-01-14T22:33:03","modified_gmt":"2024-01-14T19:33:03","slug":"reels","status":"publish","type":"page","link":"https:\/\/klasik.koyunlukoltuk.com\/en\/reels\/","title":{"rendered":"Reels"},"content":{"rendered":"<div class=\"wpb-content-wrapper\"><div class=\"vc_row wpb_row vc_row-fluid\"><div class=\"wpb_column vc_column_container vc_col-sm-12\"><div class=\"vc_column-inner\"><div class=\"wpb_wrapper\">\n\t<div  class=\"wpb_single_image wpb_content_element vc_align_left\">\n\t\t\n\t\t<figure class=\"wpb_wrapper vc_figure\">\n\t\t\t<div class=\"vc_single_image-wrapper   vc_box_border_grey\"><img decoding=\"async\" width=\"1536\" height=\"217\" src=\"data:image\/png;base64,iVBORw0KGgoAAAANSUhEUgAAAEcAAAAKCAYAAADmdkOtAAAACXBIWXMAAA7EAAAOxAGVKw4bAAAA0ElEQVRIie3VParCQBSG4XcmxqBR8AcLU2ilIGhrYWVhfcEtuAd7N+YmLK1FFNSIf4QkM3EDmtK5xTwbOB8fh3MEkGF9JE0H+M9sOTkcYPXroct5k3rFoexJFrMat5ciaLj8jatIKZgOfRIFWsN05ON7kuM1\/XVMc5vTDzx2pwQpQArBIUyplSWHMEXpjCjWRElGt+UyGZSMZCyYGBo+FNt9TK9d5HJXPCNNp+WyO6e0GwVecUaz6tAPiqw3T4K6kZgI7Lf6yh7kHLacHLacHG+w4TcQhLwhLQAAAABJRU5ErkJggg==\" class=\"vc_single_image-img attachment-full wd-lazy-load wd-lazy-fade\" alt=\"\" title=\"REELS\" srcset=\"\" sizes=\"(max-width: 1536px) 100vw, 1536px\" data-wood-src=\"https:\/\/klasik.koyunlukoltuk.com\/wp-content\/uploads\/2024\/01\/REELS.png\" data-srcset=\"https:\/\/klasik.koyunlukoltuk.com\/wp-content\/uploads\/2024\/01\/REELS.png 1536w, https:\/\/klasik.koyunlukoltuk.com\/wp-content\/uploads\/2024\/01\/REELS-300x42.png 300w, https:\/\/klasik.koyunlukoltuk.com\/wp-content\/uploads\/2024\/01\/REELS-1024x145.png 1024w, https:\/\/klasik.koyunlukoltuk.com\/wp-content\/uploads\/2024\/01\/REELS-768x109.png 768w, https:\/\/klasik.koyunlukoltuk.com\/wp-content\/uploads\/2024\/01\/REELS-18x3.png 18w, https:\/\/klasik.koyunlukoltuk.com\/wp-content\/uploads\/2024\/01\/REELS-900x127.png 900w, https:\/\/klasik.koyunlukoltuk.com\/wp-content\/uploads\/2024\/01\/REELS-150x21.png 150w\" \/><\/div>\n\t\t<\/figure>\n\t<\/div>\n<\/div><\/div><\/div><\/div><div class=\"vc_row wpb_row vc_row-fluid\"><div class=\"wpb_column vc_column_container vc_col-sm-3\"><div class=\"vc_column-inner\"><div class=\"wpb_wrapper\"><\/div><\/div><\/div><div class=\"wpb_column vc_column_container vc_col-sm-3\"><div class=\"vc_column-inner\"><div class=\"wpb_wrapper\">\n\t<div class=\"wpb_video_widget wpb_content_element vc_clearfix vc_video-aspect-ratio-916 vc_video-el-width-100 vc_video-align-center\" >\n\t\t<div class=\"wpb_wrapper\">\n\t\t\t<h2 class=\"wpb_heading wpb_video_heading\">VEL\u0130AHT KOLEKS\u0130YON<\/h2>\n\t\t\t<div class=\"wpb_video_wrapper\"><iframe title=\"KOYUNLU MOB\u0130LYA &quot;VEL\u0130AHT&quot; #shorts\" width=\"500\" height=\"281\" src=\"https:\/\/www.youtube.com\/embed\/Z7MQHW9ex_M?feature=oembed\" frameborder=\"0\" allow=\"accelerometer; autoplay; clipboard-write; encrypted-media; gyroscope; picture-in-picture; web-share\" referrerpolicy=\"strict-origin-when-cross-origin\" allowfullscreen><\/iframe><\/div>\n\t\t<\/div>\n\t<\/div>\n<\/div><\/div><\/div><div class=\"wpb_column vc_column_container vc_col-sm-3\"><div class=\"vc_column-inner\"><div class=\"wpb_wrapper\">\n\t<div class=\"wpb_video_widget wpb_content_element vc_clearfix vc_video-aspect-ratio-916 vc_video-el-width-100 vc_video-align-center\" >\n\t\t<div class=\"wpb_wrapper\">\n\t\t\t<h2 class=\"wpb_heading wpb_video_heading\">VARNA DINING ROOM SET<\/h2>\n\t\t\t<div class=\"wpb_video_wrapper\"><iframe title=\"VARNA YEMEK TAKIMI #shorts\" width=\"500\" height=\"281\" src=\"https:\/\/www.youtube.com\/embed\/ZqSz06nn1ao?feature=oembed\" frameborder=\"0\" allow=\"accelerometer; autoplay; clipboard-write; encrypted-media; gyroscope; picture-in-picture; web-share\" referrerpolicy=\"strict-origin-when-cross-origin\" allowfullscreen><\/iframe><\/div>\n\t\t<\/div>\n\t<\/div>\n<\/div><\/div><\/div><div class=\"wpb_column vc_column_container vc_col-sm-3\"><div class=\"vc_column-inner\"><div class=\"wpb_wrapper\"><\/div><\/div><\/div><\/div><div class=\"vc_row wpb_row vc_row-fluid\"><div class=\"wpb_column vc_column_container vc_col-sm-3\"><div class=\"vc_column-inner\"><div class=\"wpb_wrapper\"><\/div><\/div><\/div><div class=\"wpb_column vc_column_container vc_col-sm-3\"><div class=\"vc_column-inner\"><div class=\"wpb_wrapper\">\n\t<div class=\"wpb_video_widget wpb_content_element vc_clearfix vc_video-aspect-ratio-916 vc_video-el-width-100 vc_video-align-center\" >\n\t\t<div class=\"wpb_wrapper\">\n\t\t\t<h2 class=\"wpb_heading wpb_video_heading\">BEYLERBEY\u0130 KOLEKS\u0130YON<\/h2>\n\t\t\t<div class=\"wpb_video_wrapper\"><iframe title=\"KOYUNLU MOB\u0130LYA &quot;BEYLERBEY\u0130&quot; #shorts\" width=\"500\" height=\"281\" src=\"https:\/\/www.youtube.com\/embed\/mst3dKyuB2U?feature=oembed\" frameborder=\"0\" allow=\"accelerometer; autoplay; clipboard-write; encrypted-media; gyroscope; picture-in-picture; web-share\" referrerpolicy=\"strict-origin-when-cross-origin\" allowfullscreen><\/iframe><\/div>\n\t\t<\/div>\n\t<\/div>\n<\/div><\/div><\/div><div class=\"wpb_column vc_column_container vc_col-sm-3\"><div class=\"vc_column-inner\"><div class=\"wpb_wrapper\">\n\t<div class=\"wpb_video_widget wpb_content_element vc_clearfix vc_video-aspect-ratio-916 vc_video-el-width-100 vc_video-align-center\" >\n\t\t<div class=\"wpb_wrapper\">\n\t\t\t<h2 class=\"wpb_heading wpb_video_heading\">MAR\u0130A KOLEKS\u0130YON<\/h2>\n\t\t\t<div class=\"wpb_video_wrapper\"><iframe title=\"KOYUNLU MOB\u0130LYA &quot;MAR\u0130A&quot; #shors\" width=\"500\" height=\"281\" src=\"https:\/\/www.youtube.com\/embed\/_pWAMSqrGcU?feature=oembed\" frameborder=\"0\" allow=\"accelerometer; autoplay; clipboard-write; encrypted-media; gyroscope; picture-in-picture; web-share\" referrerpolicy=\"strict-origin-when-cross-origin\" allowfullscreen><\/iframe><\/div>\n\t\t<\/div>\n\t<\/div>\n<\/div><\/div><\/div><div class=\"wpb_column vc_column_container vc_col-sm-3\"><div class=\"vc_column-inner\"><div class=\"wpb_wrapper\"><\/div><\/div><\/div><\/div><div class=\"vc_row wpb_row vc_row-fluid\"><div class=\"wpb_column vc_column_container vc_col-sm-3\"><div class=\"vc_column-inner\"><div class=\"wpb_wrapper\"><\/div><\/div><\/div><div class=\"wpb_column vc_column_container vc_col-sm-3\"><div class=\"vc_column-inner\"><div class=\"wpb_wrapper\">\n\t<div class=\"wpb_video_widget wpb_content_element vc_clearfix vc_video-aspect-ratio-916 vc_video-el-width-100 vc_video-align-center\" >\n\t\t<div class=\"wpb_wrapper\">\n\t\t\t<h2 class=\"wpb_heading wpb_video_heading\">PETRA KOLEKS\u0130YON<\/h2>\n\t\t\t<div class=\"wpb_video_wrapper\"><iframe title=\"KOYUNLU MOB\u0130LYA &quot;PETRA&quot; #shors\" width=\"500\" height=\"281\" src=\"https:\/\/www.youtube.com\/embed\/mlaTCE9kRhs?feature=oembed\" frameborder=\"0\" allow=\"accelerometer; autoplay; clipboard-write; encrypted-media; gyroscope; picture-in-picture; web-share\" referrerpolicy=\"strict-origin-when-cross-origin\" allowfullscreen><\/iframe><\/div>\n\t\t<\/div>\n\t<\/div>\n<\/div><\/div><\/div><div class=\"wpb_column vc_column_container vc_col-sm-3\"><div class=\"vc_column-inner\"><div class=\"wpb_wrapper\">\n\t<div class=\"wpb_video_widget wpb_content_element vc_clearfix vc_video-aspect-ratio-916 vc_video-el-width-100 vc_video-align-center\" >\n\t\t<div class=\"wpb_wrapper\">\n\t\t\t<h2 class=\"wpb_heading wpb_video_heading\">ROLEX KOLEKS\u0130YON<\/h2>\n\t\t\t<div class=\"wpb_video_wrapper\"><iframe title=\"KOYUNLU MOB\u0130LYA &quot;ROLEX&quot; #shorts\" width=\"500\" height=\"281\" src=\"https:\/\/www.youtube.com\/embed\/9ya8EHA-sVo?feature=oembed\" frameborder=\"0\" allow=\"accelerometer; autoplay; clipboard-write; encrypted-media; gyroscope; picture-in-picture; web-share\" referrerpolicy=\"strict-origin-when-cross-origin\" allowfullscreen><\/iframe><\/div>\n\t\t<\/div>\n\t<\/div>\n<\/div><\/div><\/div><div class=\"wpb_column vc_column_container vc_col-sm-3\"><div class=\"vc_column-inner\"><div class=\"wpb_wrapper\"><\/div><\/div><\/div><\/div><div class=\"vc_row wpb_row vc_row-fluid\"><div class=\"wpb_column vc_column_container vc_col-sm-3\"><div class=\"vc_column-inner\"><div class=\"wpb_wrapper\"><\/div><\/div><\/div><div class=\"wpb_column vc_column_container vc_col-sm-3\"><div class=\"vc_column-inner\"><div class=\"wpb_wrapper\">\n\t<div class=\"wpb_video_widget wpb_content_element vc_clearfix vc_video-aspect-ratio-916 vc_video-el-width-100 vc_video-align-center\" >\n\t\t<div class=\"wpb_wrapper\">\n\t\t\t<h2 class=\"wpb_heading wpb_video_heading\">VARNA KOLEKS\u0130YON<\/h2>\n\t\t\t<div class=\"wpb_video_wrapper\"><iframe title=\"KOYUNLU MOB\u0130LYA &quot;VARNA&quot; #shorts\" width=\"500\" height=\"281\" src=\"https:\/\/www.youtube.com\/embed\/NNB5_x8lkVA?feature=oembed\" frameborder=\"0\" allow=\"accelerometer; autoplay; clipboard-write; encrypted-media; gyroscope; picture-in-picture; web-share\" referrerpolicy=\"strict-origin-when-cross-origin\" allowfullscreen><\/iframe><\/div>\n\t\t<\/div>\n\t<\/div>\n<\/div><\/div><\/div><div class=\"wpb_column vc_column_container vc_col-sm-3\"><div class=\"vc_column-inner\"><div class=\"wpb_wrapper\">\n\t<div class=\"wpb_video_widget wpb_content_element vc_clearfix vc_video-aspect-ratio-916 vc_video-el-width-100 vc_video-align-center\" >\n\t\t<div class=\"wpb_wrapper\">\n\t\t\t<h2 class=\"wpb_heading wpb_video_heading\">LORD KOLEKS\u0130YON<\/h2>\n\t\t\t<div class=\"wpb_video_wrapper\"><iframe title=\"KOYUNLU MOB\u0130LYA &quot;LORD&quot; #shorts\" width=\"500\" height=\"281\" src=\"https:\/\/www.youtube.com\/embed\/-THcxOFHEbQ?feature=oembed\" frameborder=\"0\" allow=\"accelerometer; autoplay; clipboard-write; encrypted-media; gyroscope; picture-in-picture; web-share\" referrerpolicy=\"strict-origin-when-cross-origin\" allowfullscreen><\/iframe><\/div>\n\t\t<\/div>\n\t<\/div>\n<\/div><\/div><\/div><div class=\"wpb_column vc_column_container vc_col-sm-3\"><div class=\"vc_column-inner\"><div class=\"wpb_wrapper\"><\/div><\/div><\/div><\/div>\n<\/div>","protected":false},"excerpt":{"rendered":"VEL\u0130AHT KOLEKS\u0130YON VARNA YEMEK ODASI TAKIMI BEYLERBEY\u0130 KOLEKS\u0130YON MAR\u0130A KOLEKS\u0130YON PETRA KOLEKS\u0130YON ROLEX KOLEKS\u0130YON VARNA KOLEKS\u0130YON LORD KOLEKS\u0130YON","protected":false},"author":1,"featured_media":0,"parent":0,"menu_order":0,"comment_status":"closed","ping_status":"closed","template":"","meta":{"footnotes":""},"class_list":["post-7818","page","type-page","status-publish","hentry"],"yoast_head":"<!-- This site is optimized with the Yoast SEO plugin v25.6 - https:\/\/yoast.com\/wordpress\/plugins\/seo\/ -->\n<title>Reels - Koyunlu Koltuk<\/title>\n<meta name=\"robots\" content=\"index, follow, max-snippet:-1, max-image-preview:large, max-video-preview:-1\" \/>\n<link rel=\"canonical\" href=\"https:\/\/klasik.koyunlukoltuk.com\/en\/reels\/\" \/>\n<meta property=\"og:locale\" content=\"en_GB\" \/>\n<meta property=\"og:type\" content=\"article\" \/>\n<meta property=\"og:title\" content=\"Reels - Koyunlu Koltuk\" \/>\n<meta property=\"og:url\" content=\"https:\/\/klasik.koyunlukoltuk.com\/en\/reels\/\" \/>\n<meta property=\"og:site_name\" content=\"Koyunlu Koltuk\" \/>\n<meta property=\"article:modified_time\" content=\"2024-01-14T19:33:03+00:00\" \/>\n<meta name=\"twitter:card\" content=\"summary_large_image\" \/>\n<meta name=\"twitter:label1\" content=\"Estimated reading time\" \/>\n\t<meta name=\"twitter:data1\" content=\"1 minute\" \/>\n<script type=\"application\/ld+json\" class=\"yoast-schema-graph\">{\"@context\":\"https:\/\/schema.org\",\"@graph\":[{\"@type\":\"WebPage\",\"@id\":\"https:\/\/klasik.koyunlukoltuk.com\/reels\/\",\"url\":\"https:\/\/klasik.koyunlukoltuk.com\/reels\/\",\"name\":\"Reels - Koyunlu Koltuk\",\"isPartOf\":{\"@id\":\"https:\/\/klasik.koyunlukoltuk.com\/#website\"},\"datePublished\":\"2024-01-02T18:02:52+00:00\",\"dateModified\":\"2024-01-14T19:33:03+00:00\",\"breadcrumb\":{\"@id\":\"https:\/\/klasik.koyunlukoltuk.com\/reels\/#breadcrumb\"},\"inLanguage\":\"en-GB\",\"potentialAction\":[{\"@type\":\"ReadAction\",\"target\":[\"https:\/\/klasik.koyunlukoltuk.com\/reels\/\"]}]},{\"@type\":\"BreadcrumbList\",\"@id\":\"https:\/\/klasik.koyunlukoltuk.com\/reels\/#breadcrumb\",\"itemListElement\":[{\"@type\":\"ListItem\",\"position\":1,\"name\":\"Ana sayfa\",\"item\":\"https:\/\/klasik.koyunlukoltuk.com\/\"},{\"@type\":\"ListItem\",\"position\":2,\"name\":\"Reels\"}]},{\"@type\":\"WebSite\",\"@id\":\"https:\/\/klasik.koyunlukoltuk.com\/#website\",\"url\":\"https:\/\/klasik.koyunlukoltuk.com\/\",\"name\":\"Koyunlu Koltuk\",\"description\":\"-\",\"potentialAction\":[{\"@type\":\"SearchAction\",\"target\":{\"@type\":\"EntryPoint\",\"urlTemplate\":\"https:\/\/klasik.koyunlukoltuk.com\/?s={search_term_string}\"},\"query-input\":{\"@type\":\"PropertyValueSpecification\",\"valueRequired\":true,\"valueName\":\"search_term_string\"}}],\"inLanguage\":\"en-GB\"}]}<\/script>\n<!-- \/ Yoast SEO plugin. -->","yoast_head_json":{"title":"Reels - Koyunlu Koltuk","robots":{"index":"index","follow":"follow","max-snippet":"max-snippet:-1","max-image-preview":"max-image-preview:large","max-video-preview":"max-video-preview:-1"},"canonical":"https:\/\/klasik.koyunlukoltuk.com\/en\/reels\/","og_locale":"en_GB","og_type":"article","og_title":"Reels - Koyunlu Koltuk","og_url":"https:\/\/klasik.koyunlukoltuk.com\/en\/reels\/","og_site_name":"Koyunlu Koltuk","article_modified_time":"2024-01-14T19:33:03+00:00","twitter_card":"summary_large_image","twitter_misc":{"Estimated reading time":"1 minute"},"schema":{"@context":"https:\/\/schema.org","@graph":[{"@type":"WebPage","@id":"https:\/\/klasik.koyunlukoltuk.com\/reels\/","url":"https:\/\/klasik.koyunlukoltuk.com\/reels\/","name":"Reels - Koyunlu Koltuk","isPartOf":{"@id":"https:\/\/klasik.koyunlukoltuk.com\/#website"},"datePublished":"2024-01-02T18:02:52+00:00","dateModified":"2024-01-14T19:33:03+00:00","breadcrumb":{"@id":"https:\/\/klasik.koyunlukoltuk.com\/reels\/#breadcrumb"},"inLanguage":"en-GB","potentialAction":[{"@type":"ReadAction","target":["https:\/\/klasik.koyunlukoltuk.com\/reels\/"]}]},{"@type":"BreadcrumbList","@id":"https:\/\/klasik.koyunlukoltuk.com\/reels\/#breadcrumb","itemListElement":[{"@type":"ListItem","position":1,"name":"Ana sayfa","item":"https:\/\/klasik.koyunlukoltuk.com\/"},{"@type":"ListItem","position":2,"name":"Reels"}]},{"@type":"WebSite","@id":"https:\/\/klasik.koyunlukoltuk.com\/#website","url":"https:\/\/klasik.koyunlukoltuk.com\/","name":"Koyunlu Sofa","description":"-","potentialAction":[{"@type":"SearchAction","target":{"@type":"EntryPoint","urlTemplate":"https:\/\/klasik.koyunlukoltuk.com\/?s={search_term_string}"},"query-input":{"@type":"PropertyValueSpecification","valueRequired":true,"valueName":"search_term_string"}}],"inLanguage":"en-GB"}]}},"_links":{"self":[{"href":"https:\/\/klasik.koyunlukoltuk.com\/en\/wp-json\/wp\/v2\/pages\/7818","targetHints":{"allow":["GET"]}}],"collection":[{"href":"https:\/\/klasik.koyunlukoltuk.com\/en\/wp-json\/wp\/v2\/pages"}],"about":[{"href":"https:\/\/klasik.koyunlukoltuk.com\/en\/wp-json\/wp\/v2\/types\/page"}],"author":[{"embeddable":true,"href":"https:\/\/klasik.koyunlukoltuk.com\/en\/wp-json\/wp\/v2\/users\/1"}],"replies":[{"embeddable":true,"href":"https:\/\/klasik.koyunlukoltuk.com\/en\/wp-json\/wp\/v2\/comments?post=7818"}],"version-history":[{"count":11,"href":"https:\/\/klasik.koyunlukoltuk.com\/en\/wp-json\/wp\/v2\/pages\/7818\/revisions"}],"predecessor-version":[{"id":7830,"href":"https:\/\/klasik.koyunlukoltuk.com\/en\/wp-json\/wp\/v2\/pages\/7818\/revisions\/7830"}],"wp:attachment":[{"href":"https:\/\/klasik.koyunlukoltuk.com\/en\/wp-json\/wp\/v2\/media?parent=7818"}],"curies":[{"name":"wp","href":"https:\/\/api.w.org\/{rel}","templated":true}]}}