{"id":3649,"date":"2022-02-03T15:51:38","date_gmt":"2022-02-03T12:51:38","guid":{"rendered":"https:\/\/klasik.koyunlukoltuk.com\/?page_id=3649"},"modified":"2023-11-16T15:32:18","modified_gmt":"2023-11-16T12:32:18","slug":"katalog","status":"publish","type":"page","link":"https:\/\/klasik.koyunlukoltuk.com\/en\/katalog\/","title":{"rendered":"Catalog"},"content":{"rendered":"<div class=\"wpb-content-wrapper\"><div class=\"vc_row wpb_row vc_row-fluid\"><div class=\"wpb_column vc_column_container vc_col-sm-6\"><div class=\"vc_column-inner\"><div class=\"wpb_wrapper\">\n\t<div  class=\"wpb_single_image wpb_content_element vc_align_center\">\n\t\t\n\t\t<figure class=\"wpb_wrapper vc_figure\">\n\t\t\t<div class=\"vc_single_image-wrapper   vc_box_border_grey\"><img decoding=\"async\" width=\"295\" height=\"295\" src=\"data:image\/jpg;base64,\/9j\/4AAQSkZJRgABAQEAYABgAAD\/\/gA7Q1JFQVRPUjogZ2QtanBlZyB2MS4wICh1c2luZyBJSkcgSlBFRyB2NjIpLCBxdWFsaXR5ID0gODIK\/9sAQwAGBAQFBAQGBQUFBgYGBwkOCQkICAkSDQ0KDhUSFhYVEhQUFxohHBcYHxkUFB0nHR8iIyUlJRYcKSwoJCshJCUk\/9sAQwEGBgYJCAkRCQkRJBgUGCQkJCQkJCQkJCQkJCQkJCQkJCQkJCQkJCQkJCQkJCQkJCQkJCQkJCQkJCQkJCQkJCQk\/8AAEQgACgAKAwEiAAIRAQMRAf\/EAB8AAAEFAQEBAQEBAAAAAAAAAAABAgMEBQYHCAkKC\/\/EALUQAAIBAwMCBAMFBQQEAAABfQECAwAEEQUSITFBBhNRYQcicRQygZGhCCNCscEVUtHwJDNicoIJChYXGBkaJSYnKCkqNDU2Nzg5OkNERUZHSElKU1RVVldYWVpjZGVmZ2hpanN0dXZ3eHl6g4SFhoeIiYqSk5SVlpeYmZqio6Slpqeoqaqys7S1tre4ubrCw8TFxsfIycrS09TV1tfY2drh4uPk5ebn6Onq8fLz9PX29\/j5+v\/EAB8BAAMBAQEBAQEBAQEAAAAAAAABAgMEBQYHCAkKC\/\/EALURAAIBAgQEAwQHBQQEAAECdwABAgMRBAUhMQYSQVEHYXETIjKBCBRCkaGxwQkjM1LwFWJy0QoWJDThJfEXGBkaJicoKSo1Njc4OTpDREVGR0hJSlNUVVZXWFlaY2RlZmdoaWpzdHV2d3h5eoKDhIWGh4iJipKTlJWWl5iZmqKjpKWmp6ipqrKztLW2t7i5usLDxMXGx8jJytLT1NXW19jZ2uLj5OXm5+jp6vLz9PX29\/j5+v\/aAAwDAQACEQMRAD8A828OaVL4h0vWb2OSaN9Nt\/P8sQ5DjnqxI2\/d9DXP\/wBrv\/zyl\/75NZEc0rxIzyOxHQlicVVa7uMn9\/L1\/vmlYD\/\/2Q==\" class=\"vc_single_image-img attachment-full wd-lazy-load wd-lazy-fade\" alt=\"\" title=\"katalog-mobil\" srcset=\"\" sizes=\"(max-width: 295px) 100vw, 295px\" data-wood-src=\"https:\/\/klasik.koyunlukoltuk.com\/wp-content\/uploads\/2022\/01\/katalog-mobil.jpg\" data-srcset=\"https:\/\/klasik.koyunlukoltuk.com\/wp-content\/uploads\/2022\/01\/katalog-mobil.jpg 295w, https:\/\/klasik.koyunlukoltuk.com\/wp-content\/uploads\/2022\/01\/katalog-mobil-150x150.jpg 150w, https:\/\/klasik.koyunlukoltuk.com\/wp-content\/uploads\/2022\/01\/katalog-mobil-12x12.jpg 12w\" \/><\/div>\n\t\t<\/figure>\n\t<\/div>\n\n\t<div class=\"wpb_text_column wpb_content_element\" >\n\t\t<div class=\"wpb_wrapper\">\n\t\t\t<h3 style=\"text-align: center;\"><strong>Furniture Catalogue<\/strong><\/h3>\n<p class=\"katalog-button\" style=\"text-align: center;\"><a href=\"https:\/\/klasik.koyunlukoltuk.com\/wp-content\/uploads\/2023\/11\/KOYUNLU-CLASSIC-CATALOG-NEW.pdf\">DOWNLOAD PDF<\/a><\/p>\n\n\t\t<\/div>\n\t<\/div>\n<\/div><\/div><\/div><div class=\"wpb_column vc_column_container vc_col-sm-6\"><div class=\"vc_column-inner\"><div class=\"wpb_wrapper\">\n\t<div  class=\"wpb_single_image wpb_content_element vc_align_center\">\n\t\t\n\t\t<figure class=\"wpb_wrapper vc_figure\">\n\t\t\t<div class=\"vc_single_image-wrapper   vc_box_border_grey\"><img decoding=\"async\" width=\"295\" height=\"295\" src=\"data:image\/jpg;base64,\/9j\/4AAQSkZJRgABAQEAYABgAAD\/\/gA7Q1JFQVRPUjogZ2QtanBlZyB2MS4wICh1c2luZyBJSkcgSlBFRyB2NjIpLCBxdWFsaXR5ID0gODIK\/9sAQwAGBAQFBAQGBQUFBgYGBwkOCQkICAkSDQ0KDhUSFhYVEhQUFxohHBcYHxkUFB0nHR8iIyUlJRYcKSwoJCshJCUk\/9sAQwEGBgYJCAkRCQkRJBgUGCQkJCQkJCQkJCQkJCQkJCQkJCQkJCQkJCQkJCQkJCQkJCQkJCQkJCQkJCQkJCQkJCQk\/8AAEQgACgAKAwEiAAIRAQMRAf\/EAB8AAAEFAQEBAQEBAAAAAAAAAAABAgMEBQYHCAkKC\/\/EALUQAAIBAwMCBAMFBQQEAAABfQECAwAEEQUSITFBBhNRYQcicRQygZGhCCNCscEVUtHwJDNicoIJChYXGBkaJSYnKCkqNDU2Nzg5OkNERUZHSElKU1RVVldYWVpjZGVmZ2hpanN0dXZ3eHl6g4SFhoeIiYqSk5SVlpeYmZqio6Slpqeoqaqys7S1tre4ubrCw8TFxsfIycrS09TV1tfY2drh4uPk5ebn6Onq8fLz9PX29\/j5+v\/EAB8BAAMBAQEBAQEBAQEAAAAAAAABAgMEBQYHCAkKC\/\/EALURAAIBAgQEAwQHBQQEAAECdwABAgMRBAUhMQYSQVEHYXETIjKBCBRCkaGxwQkjM1LwFWJy0QoWJDThJfEXGBkaJicoKSo1Njc4OTpDREVGR0hJSlNUVVZXWFlaY2RlZmdoaWpzdHV2d3h5eoKDhIWGh4iJipKTlJWWl5iZmqKjpKWmp6ipqrKztLW2t7i5usLDxMXGx8jJytLT1NXW19jZ2uLj5OXm5+jp6vLz9PX29\/j5+v\/aAAwDAQACEQMRAD8A828OaVL4h0vWb2OSaN9Nt\/P8sQ5DjnqxI2\/d9DXP\/wBrv\/zyl\/75NZEc0rxIzyOxHQlicVVa7uMn9\/L1\/vmlYD\/\/2Q==\" class=\"vc_single_image-img attachment-full wd-lazy-load wd-lazy-fade\" alt=\"\" title=\"katalog-mobil\" srcset=\"\" sizes=\"(max-width: 295px) 100vw, 295px\" data-wood-src=\"https:\/\/klasik.koyunlukoltuk.com\/wp-content\/uploads\/2022\/01\/katalog-mobil.jpg\" data-srcset=\"https:\/\/klasik.koyunlukoltuk.com\/wp-content\/uploads\/2022\/01\/katalog-mobil.jpg 295w, https:\/\/klasik.koyunlukoltuk.com\/wp-content\/uploads\/2022\/01\/katalog-mobil-150x150.jpg 150w, https:\/\/klasik.koyunlukoltuk.com\/wp-content\/uploads\/2022\/01\/katalog-mobil-12x12.jpg 12w\" \/><\/div>\n\t\t<\/figure>\n\t<\/div>\n\n\t<div class=\"wpb_text_column wpb_content_element\" >\n\t\t<div class=\"wpb_wrapper\">\n\t\t\t<h3 style=\"text-align: center;\"><strong>Accessory Catalogue<\/strong><\/h3>\n<p class=\"katalog-button\" style=\"text-align: center;\"><a href=\"https:\/\/klasik.koyunlukoltuk.com\/wp-content\/uploads\/2022\/02\/koyunlu-aksesuar.pdf\">DOWNLOAD PDF<\/a><\/p>\n\n\t\t<\/div>\n\t<\/div>\n<\/div><\/div><\/div><\/div>\n<\/div>","protected":false},"excerpt":{"rendered":"Mobilya Katalo\u011fu PDF \u0130ND\u0130R Aksesuar Katalo\u011fu PDF \u0130ND\u0130R","protected":false},"author":1,"featured_media":0,"parent":0,"menu_order":0,"comment_status":"closed","ping_status":"closed","template":"","meta":{"footnotes":""},"class_list":["post-3649","page","type-page","status-publish","hentry"],"yoast_head":"<!-- This site is optimized with the Yoast SEO plugin v25.6 - https:\/\/yoast.com\/wordpress\/plugins\/seo\/ -->\n<title>Katalog - Koyunlu Koltuk<\/title>\n<meta name=\"robots\" content=\"index, follow, max-snippet:-1, max-image-preview:large, max-video-preview:-1\" \/>\n<link rel=\"canonical\" href=\"https:\/\/klasik.koyunlukoltuk.com\/en\/katalog\/\" \/>\n<meta property=\"og:locale\" content=\"en_GB\" \/>\n<meta property=\"og:type\" content=\"article\" \/>\n<meta property=\"og:title\" content=\"Katalog - Koyunlu Koltuk\" \/>\n<meta property=\"og:url\" content=\"https:\/\/klasik.koyunlukoltuk.com\/en\/katalog\/\" \/>\n<meta property=\"og:site_name\" content=\"Koyunlu Koltuk\" \/>\n<meta property=\"article:modified_time\" content=\"2023-11-16T12:32:18+00:00\" \/>\n<meta name=\"twitter:card\" content=\"summary_large_image\" \/>\n<meta name=\"twitter:label1\" content=\"Estimated reading time\" \/>\n\t<meta name=\"twitter:data1\" content=\"1 minute\" \/>\n<script type=\"application\/ld+json\" class=\"yoast-schema-graph\">{\"@context\":\"https:\/\/schema.org\",\"@graph\":[{\"@type\":\"WebPage\",\"@id\":\"https:\/\/klasik.koyunlukoltuk.com\/katalog\/\",\"url\":\"https:\/\/klasik.koyunlukoltuk.com\/katalog\/\",\"name\":\"Katalog - Koyunlu Koltuk\",\"isPartOf\":{\"@id\":\"https:\/\/klasik.koyunlukoltuk.com\/#website\"},\"datePublished\":\"2022-02-03T12:51:38+00:00\",\"dateModified\":\"2023-11-16T12:32:18+00:00\",\"breadcrumb\":{\"@id\":\"https:\/\/klasik.koyunlukoltuk.com\/katalog\/#breadcrumb\"},\"inLanguage\":\"en-GB\",\"potentialAction\":[{\"@type\":\"ReadAction\",\"target\":[\"https:\/\/klasik.koyunlukoltuk.com\/katalog\/\"]}]},{\"@type\":\"BreadcrumbList\",\"@id\":\"https:\/\/klasik.koyunlukoltuk.com\/katalog\/#breadcrumb\",\"itemListElement\":[{\"@type\":\"ListItem\",\"position\":1,\"name\":\"Ana sayfa\",\"item\":\"https:\/\/klasik.koyunlukoltuk.com\/\"},{\"@type\":\"ListItem\",\"position\":2,\"name\":\"Katalog\"}]},{\"@type\":\"WebSite\",\"@id\":\"https:\/\/klasik.koyunlukoltuk.com\/#website\",\"url\":\"https:\/\/klasik.koyunlukoltuk.com\/\",\"name\":\"Koyunlu Koltuk\",\"description\":\"-\",\"potentialAction\":[{\"@type\":\"SearchAction\",\"target\":{\"@type\":\"EntryPoint\",\"urlTemplate\":\"https:\/\/klasik.koyunlukoltuk.com\/?s={search_term_string}\"},\"query-input\":{\"@type\":\"PropertyValueSpecification\",\"valueRequired\":true,\"valueName\":\"search_term_string\"}}],\"inLanguage\":\"en-GB\"}]}<\/script>\n<!-- \/ Yoast SEO plugin. -->","yoast_head_json":{"title":"Catalog - Koyunlu Sofa","robots":{"index":"index","follow":"follow","max-snippet":"max-snippet:-1","max-image-preview":"max-image-preview:large","max-video-preview":"max-video-preview:-1"},"canonical":"https:\/\/klasik.koyunlukoltuk.com\/en\/katalog\/","og_locale":"en_GB","og_type":"article","og_title":"Katalog - Koyunlu Koltuk","og_url":"https:\/\/klasik.koyunlukoltuk.com\/en\/katalog\/","og_site_name":"Koyunlu Koltuk","article_modified_time":"2023-11-16T12:32:18+00:00","twitter_card":"summary_large_image","twitter_misc":{"Estimated reading time":"1 minute"},"schema":{"@context":"https:\/\/schema.org","@graph":[{"@type":"WebPage","@id":"https:\/\/klasik.koyunlukoltuk.com\/katalog\/","url":"https:\/\/klasik.koyunlukoltuk.com\/katalog\/","name":"Catalog - Koyunlu Sofa","isPartOf":{"@id":"https:\/\/klasik.koyunlukoltuk.com\/#website"},"datePublished":"2022-02-03T12:51:38+00:00","dateModified":"2023-11-16T12:32:18+00:00","breadcrumb":{"@id":"https:\/\/klasik.koyunlukoltuk.com\/katalog\/#breadcrumb"},"inLanguage":"en-GB","potentialAction":[{"@type":"ReadAction","target":["https:\/\/klasik.koyunlukoltuk.com\/katalog\/"]}]},{"@type":"BreadcrumbList","@id":"https:\/\/klasik.koyunlukoltuk.com\/katalog\/#breadcrumb","itemListElement":[{"@type":"ListItem","position":1,"name":"Ana sayfa","item":"https:\/\/klasik.koyunlukoltuk.com\/"},{"@type":"ListItem","position":2,"name":"Katalog"}]},{"@type":"WebSite","@id":"https:\/\/klasik.koyunlukoltuk.com\/#website","url":"https:\/\/klasik.koyunlukoltuk.com\/","name":"Koyunlu Sofa","description":"-","potentialAction":[{"@type":"SearchAction","target":{"@type":"EntryPoint","urlTemplate":"https:\/\/klasik.koyunlukoltuk.com\/?s={search_term_string}"},"query-input":{"@type":"PropertyValueSpecification","valueRequired":true,"valueName":"search_term_string"}}],"inLanguage":"en-GB"}]}},"_links":{"self":[{"href":"https:\/\/klasik.koyunlukoltuk.com\/en\/wp-json\/wp\/v2\/pages\/3649","targetHints":{"allow":["GET"]}}],"collection":[{"href":"https:\/\/klasik.koyunlukoltuk.com\/en\/wp-json\/wp\/v2\/pages"}],"about":[{"href":"https:\/\/klasik.koyunlukoltuk.com\/en\/wp-json\/wp\/v2\/types\/page"}],"author":[{"embeddable":true,"href":"https:\/\/klasik.koyunlukoltuk.com\/en\/wp-json\/wp\/v2\/users\/1"}],"replies":[{"embeddable":true,"href":"https:\/\/klasik.koyunlukoltuk.com\/en\/wp-json\/wp\/v2\/comments?post=3649"}],"version-history":[{"count":14,"href":"https:\/\/klasik.koyunlukoltuk.com\/en\/wp-json\/wp\/v2\/pages\/3649\/revisions"}],"predecessor-version":[{"id":7107,"href":"https:\/\/klasik.koyunlukoltuk.com\/en\/wp-json\/wp\/v2\/pages\/3649\/revisions\/7107"}],"wp:attachment":[{"href":"https:\/\/klasik.koyunlukoltuk.com\/en\/wp-json\/wp\/v2\/media?parent=3649"}],"curies":[{"name":"wp","href":"https:\/\/api.w.org\/{rel}","templated":true}]}}