{"id":35,"date":"2020-12-21T09:21:17","date_gmt":"2020-12-21T06:21:17","guid":{"rendered":"https:\/\/klasik.koyunlukoltuk.com\/?page_id=35"},"modified":"2023-11-17T12:09:04","modified_gmt":"2023-11-17T09:09:04","slug":"iletisim","status":"publish","type":"page","link":"https:\/\/klasik.koyunlukoltuk.com\/en\/iletisim\/","title":{"rendered":"Communication"},"content":{"rendered":"<div class=\"wpb-content-wrapper\"><div id=\"row-mobil-adres\" class=\"vc_row wpb_row vc_row-fluid\"><div class=\"wpb_column vc_column_container vc_col-sm-12\"><div class=\"vc_column-inner\"><div class=\"wpb_wrapper\">\t\t\t<div id=\"carousel-307\" class=\"wd-carousel-container info-box-carousel-wrapper wd-wpb   wd-rs-69e1985483819\">\n\t\t\t\t<div class=\"wd-carousel-inner\">\n\t\t\t\t\t<div class=\"wd-carousel wd-grid info-box-carousel\" data-scroll_per_page=\"yes\" style=\"--wd-col-lg:1;--wd-col-md:1;--wd-col-sm:1;--wd-gap-lg:30px;--wd-gap-sm:10px;\">\n\t\t\t\t\t\t<div class=\"wd-carousel-wrap\">\n\t\t\t\t\t\t\t\t\t\t<div class=\"info-box-wrapper wd-carousel-item\">\n\t\t\t\t<div id=\"wd-61d2a2c63b56d\" class=\"wd-rs-61d2a2c63b56d wd-info-box wd-wpb text-center box-icon-align-top box-style- color-scheme- wd-bg-none\">\n\t\t\t\t\t\t\t\t\t\t\t<div class=\"box-icon-wrapper  box-with-icon box-icon-simple\">\n\t\t\t\t\t\t\t<div class=\"info-box-icon\">\n\n\t\t\t\t\t\t\t\n\t\t\t\t\t\t\t\t\t\t\t\t\t\t\t\t\t<img decoding=\"async\" width=\"189\" height=\"124\" src=\"data:image\/png;base64,iVBORw0KGgoAAAANSUhEUgAAABAAAAAKCAYAAAC9vt6cAAAACXBIWXMAAA7EAAAOxAGVKw4bAAAB\/0lEQVQokQXBu27TUACA4d\/Hx7eTuKkTV9CmAqkgQJUQDLwDa4UYEI\/AC\/AqzAxIINg7sjAhwQYqFzXk1qaJG8eJb4lPzPcZb95\/+aRs49nWMLnRMjEAXa0pixwpDXZbPlm+BgTd\/T3iZc662nIR1xRl9VZ+HeiTPVVzfCCIVxuCholjCUaXGXmpEcMI0wTTNMnznBoYzzL6kxWqoU7k8WFDdBR0OzZ1XREGPtNphCMreuc9pOngKo9qs+X6esHNsEWtod3xaSshZdP3sG3NqijJs4J\/\/T5xvGQxGSMthzBwQcB8kzMcXXHe3zJPUiqtSZY5MrMblEKQ1iWGkdDrfSeaXfJ3OKM2BLYjsUxBpbcskiXtYAfbEuhNxbpaI8\/evUb5bUpzBy844DqaMhpf8PvPiO7BDq4Vks\/GNFpNyqJiMN6QZjnzeMUqXyMHcYWXjNBOgZcLNuscdMn0aoJOp4ydCU\/vmmTziF8\/NMs4RUjJrg+i1BjPX76qD2912Rg2QWefbJUx+PkN0zF4cKtNbdrYrs8iuqISAef9M5Iko9A2xWyYyU4Ybi\/Gl8J2FVWa4QvJ7aMj7hzto5RHPI+Johl+sMciWfLk4X0s28drdfh8elrJXd\/70FTWC+otcRwzTDM81STNEhzbRikX13FRyiMMQ6Ql0HpLnkU8enzv438cG\/5C2UmWEQAAAABJRU5ErkJggg==\" class=\"attachment-full size-full wd-lazy-load wd-lazy-fade\" alt=\"\" srcset=\"\" sizes=\"(max-width: 189px) 100vw, 189px\" data-wood-src=\"https:\/\/klasik.koyunlukoltuk.com\/wp-content\/uploads\/2022\/01\/mobilimo-iletiism.png\" data-srcset=\"https:\/\/klasik.koyunlukoltuk.com\/wp-content\/uploads\/2022\/01\/mobilimo-iletiism.png 189w, https:\/\/klasik.koyunlukoltuk.com\/wp-content\/uploads\/2022\/01\/mobilimo-iletiism-150x98.png 150w\" \/>\t\t\t\t\t\t\t\t\t\t\t\t\t\t\t\n\t\t\t\t\t\t\t<\/div>\n\t\t\t\t\t\t<\/div>\n\t\t\t\t\t\t\t\t\t\t<div class=\"info-box-content\">\n\t\t\t\t\t\t\t\t\t\t\t\t<div class=\"info-box-inner set-cont-mb-s reset-last-child\"><\/p>\n<table>\n<caption>STORE<\/caption>\n<tbody>\n<tr>\n<td class=\"adres\"><a href=\"https:\/\/g.page\/mobilimo?share\">Mobilimo AVM Huzur Mh. Mobilya Vadi Cd. No:2, 16400 \u0130neg\u00f6l\/Bursa<\/a><\/td>\n<\/tr>\n<tr>\n<td><a href=\"tel:+902247120251\">Phone: +90 224 712 02 51<\/a><\/td>\n<\/tr>\n<tr>\n<td><a href=\"tel:+902247140751\">Phone: +90 224 714 07 51<\/a><\/td>\n<\/tr>\n<\/tbody>\n<\/table>\n<p>\n<\/div>\n\n\t\t\t\t\t\t\t\t\t\t\t<\/div>\n\n\t\t\t\t\t\n\t\t\t\t\t\t\t\t\t<\/div>\n\t\t\t<\/div>\n\t\t\t\t\t<div class=\"info-box-wrapper wd-carousel-item\">\n\t\t\t\t<div id=\"wd-61d2a2f192928\" class=\"wd-rs-61d2a2f192928 wd-info-box wd-wpb text-center box-icon-align-top box-style- color-scheme- wd-bg-none\">\n\t\t\t\t\t\t\t\t\t\t\t<div class=\"box-icon-wrapper  box-with-icon box-icon-simple\">\n\t\t\t\t\t\t\t<div class=\"info-box-icon\">\n\n\t\t\t\t\t\t\t\n\t\t\t\t\t\t\t\t\t\t\t\t\t\t\t\t\t<img decoding=\"async\" width=\"189\" height=\"124\" src=\"data:image\/png;base64,iVBORw0KGgoAAAANSUhEUgAAABAAAAAKCAYAAAC9vt6cAAAACXBIWXMAAA7EAAAOxAGVKw4bAAACIElEQVQokQXBy0\/TcADA8W\/bX38tXduNjg0cyMiQV+AAiqjBRKI3NTHxZIxXo9GTf4D\/h2cvJj4OXj3KwQfGqw\/kNZbMITjWuZV1ffj5KE+e3niTRpXb9VqKlCoXVhbJF4ZpNZtUd3bZ2q4SBD3SNKVUGkFKg9m5GXqEGPnl58r9x2uxYg6ota0cpeECvt\/Cdlx0IWn7baI4wbIGsDMZpmfniFOVNA6RtmAvqPhCGKrqmEW8+TLFgkfWdchmXbJZCzuTctI5Rg6MEfahXj8kjhV0Iai3fFanTCFkUuDS+avEwTGf3z2jGjS5uDqJq3wlI3q8fZFw694r0tSj888nCnusVNq0whEMQ0NNtHlMc4jf+\/uEf33OLpzDUTSiYIWNjxNsbiokaMRxjGVZ2G6Ovd0aahrTOGoiuv4BcdihODbF4PUHmFISqREHio07pnH3oUG3r5MkfUytB+EOja7Hzv42lVkX5eaV0+loeYFa7QC\/eUTRiVkuK6xXx3E1Qb1R5Xu1QXk8z1QpYm11iW97On9Cmy+fNrpi\/oxHPJDF80KcfJG4vYtSUFEbEj+Fvpljoiyxhwp0OcaxbTw74P2HX4yXK4jL1x4l3ViqqqahqhpRZx+136Cd8SgMZkiSCNs0OAkCouN1CsMeP6Icy0uj6Ek\/Eof+yUvX0e9IKYiiFGGVID3FjB6BoiA0gTQkpmGStSbRT34ynVtkbcVC19TX\/wF2cdkDkfa3GQAAAABJRU5ErkJggg==\" class=\"attachment-full size-full wd-lazy-load wd-lazy-fade\" alt=\"\" srcset=\"\" sizes=\"(max-width: 189px) 100vw, 189px\" data-wood-src=\"https:\/\/klasik.koyunlukoltuk.com\/wp-content\/uploads\/2022\/01\/iletisim-bir.png\" data-srcset=\"https:\/\/klasik.koyunlukoltuk.com\/wp-content\/uploads\/2022\/01\/iletisim-bir.png 189w, https:\/\/klasik.koyunlukoltuk.com\/wp-content\/uploads\/2022\/01\/iletisim-bir-150x98.png 150w, https:\/\/klasik.koyunlukoltuk.com\/wp-content\/uploads\/2022\/01\/iletisim-bir-18x12.png 18w\" \/>\t\t\t\t\t\t\t\t\t\t\t\t\t\t\t\n\t\t\t\t\t\t\t<\/div>\n\t\t\t\t\t\t<\/div>\n\t\t\t\t\t\t\t\t\t\t<div class=\"info-box-content\">\n\t\t\t\t\t\t\t\t\t\t\t\t<div class=\"info-box-inner set-cont-mb-s reset-last-child\"><\/p>\n<table>\n<caption>STORE<\/caption>\n<tbody>\n<tr>\n<td class=\"adres\"><a href=\"https:\/\/goo.gl\/maps\/NYT5xhEWKr29naX9A\">Mahmudiye Mahallesi Ertu\u011frulgazi Cad. No:91 \u0130neg\u00f6l\/Bursa\/Turkey<\/a><\/td>\n<\/tr>\n<tr>\n<td><a href=\"tel:+902247120251\">Phone: +90 224 712 02 51<\/a><\/td>\n<\/tr>\n<tr>\n<td><a href=\"tel:+902247140751\">Phone: +90 224 714 07 51<\/a><\/td>\n<\/tr>\n<\/tbody>\n<\/table>\n<p>\n<\/div>\n\n\t\t\t\t\t\t\t\t\t\t\t<\/div>\n\n\t\t\t\t\t\n\t\t\t\t\t\t\t\t\t<\/div>\n\t\t\t<\/div>\n\t\t\t\t\t\t\t\t<\/div>\n\t\t\t\t\t<\/div>\n\n\t\t\t\t\t\t\t\t\t\t\t\t\t<div class=\"wd-nav-arrows wd-pos-sep wd-hover-1 wd-icon-1\">\n\t\t\t<div class=\"wd-btn-arrow wd-prev wd-disabled\">\n\t\t\t\t<div class=\"wd-arrow-inner\"><\/div>\n\t\t\t<\/div>\n\t\t\t<div class=\"wd-btn-arrow wd-next\">\n\t\t\t\t<div class=\"wd-arrow-inner\"><\/div>\n\t\t\t<\/div>\n\t\t<\/div>\n\t\t\t\t\t\t\t\t\t\t\t<\/div>\n\n\t\t\t\t\t\t<div class=\"wd-nav-pagin-wrap text-center wd-style-shape wd-hide-md-sm wd-hide-sm\">\n\t\t\t<ul class=\"wd-nav-pagin\"><\/ul>\n\t\t<\/div>\n\t\t\t\t\t\t\t\t\t<\/div>\n\t\t<\/div><\/div><\/div><\/div><div id=\"row-adresler\" data-vc-full-width=\"true\" data-vc-full-width-init=\"false\" data-vc-stretch-content=\"true\" class=\"vc_row wpb_row vc_row-fluid vc_row-no-padding vc_row-o-equal-height vc_row-o-content-middle vc_row-flex\"><div class=\"wpb_column vc_column_container vc_col-sm-6 vc_col-has-fill\" id=\"column-adresler\"><div class=\"vc_column-inner vc_custom_1640179606480\"><div class=\"wpb_wrapper\"><div class=\"vc_row wpb_row vc_inner vc_row-fluid\"><div class=\"wpb_column vc_column_container vc_col-sm-6\" id=\"column-iletisim\"><div class=\"vc_column-inner\"><div class=\"wpb_wrapper\">\n\t<div  class=\"wpb_single_image wpb_content_element vc_align_left\">\n\t\t\n\t\t<figure class=\"wpb_wrapper vc_figure\">\n\t\t\t<div class=\"vc_single_image-wrapper   vc_box_border_grey\"><img decoding=\"async\" width=\"189\" height=\"124\" src=\"data:image\/png;base64,iVBORw0KGgoAAAANSUhEUgAAABAAAAAKCAYAAAC9vt6cAAAACXBIWXMAAA7EAAAOxAGVKw4bAAACIElEQVQokQXBy0\/TcADA8W\/bX38tXduNjg0cyMiQV+AAiqjBRKI3NTHxZIxXo9GTf4D\/h2cvJj4OXj3KwQfGqw\/kNZbMITjWuZV1ffj5KE+e3niTRpXb9VqKlCoXVhbJF4ZpNZtUd3bZ2q4SBD3SNKVUGkFKg9m5GXqEGPnl58r9x2uxYg6ota0cpeECvt\/Cdlx0IWn7baI4wbIGsDMZpmfniFOVNA6RtmAvqPhCGKrqmEW8+TLFgkfWdchmXbJZCzuTctI5Rg6MEfahXj8kjhV0Iai3fFanTCFkUuDS+avEwTGf3z2jGjS5uDqJq3wlI3q8fZFw694r0tSj888nCnusVNq0whEMQ0NNtHlMc4jf+\/uEf33OLpzDUTSiYIWNjxNsbiokaMRxjGVZ2G6Ovd0aahrTOGoiuv4BcdihODbF4PUHmFISqREHio07pnH3oUG3r5MkfUytB+EOja7Hzv42lVkX5eaV0+loeYFa7QC\/eUTRiVkuK6xXx3E1Qb1R5Xu1QXk8z1QpYm11iW97On9Cmy+fNrpi\/oxHPJDF80KcfJG4vYtSUFEbEj+Fvpljoiyxhwp0OcaxbTw74P2HX4yXK4jL1x4l3ViqqqahqhpRZx+136Cd8SgMZkiSCNs0OAkCouN1CsMeP6Icy0uj6Ek\/Eof+yUvX0e9IKYiiFGGVID3FjB6BoiA0gTQkpmGStSbRT34ynVtkbcVC19TX\/wF2cdkDkfa3GQAAAABJRU5ErkJggg==\" class=\"vc_single_image-img attachment-full wd-lazy-load wd-lazy-fade\" alt=\"\" title=\"1\" srcset=\"\" sizes=\"(max-width: 189px) 100vw, 189px\" data-wood-src=\"https:\/\/klasik.koyunlukoltuk.com\/wp-content\/uploads\/2021\/12\/1.png\" data-srcset=\"https:\/\/klasik.koyunlukoltuk.com\/wp-content\/uploads\/2021\/12\/1.png 189w, https:\/\/klasik.koyunlukoltuk.com\/wp-content\/uploads\/2021\/12\/1-150x98.png 150w\" \/><\/div>\n\t\t<\/figure>\n\t<\/div>\n\n\t<div class=\"wpb_text_column wpb_content_element\" >\n\t\t<div class=\"wpb_wrapper\">\n\t\t\t<table>\n<caption>STORE<\/caption>\n<tbody>\n<tr>\n<td class=\"adres\"><a href=\"https:\/\/goo.gl\/maps\/NYT5xhEWKr29naX9A\">Mahmudiye Mahallesi Ertu\u011frulgazi Cad. No:91 \u0130neg\u00f6l\/Bursa\/Turkey<\/a><\/td>\n<\/tr>\n<tr>\n<td><a href=\"tel:+902247120251\">Phone: +90 224 712 02 51<\/a><\/td>\n<\/tr>\n<tr>\n<td><a href=\"tel:+902247140751\">Phone: +90 224 714 07 51<\/a><\/td>\n<\/tr>\n<\/tbody>\n<\/table>\n\n\t\t<\/div>\n\t<\/div>\n<\/div><\/div><\/div><div class=\"wpb_column vc_column_container vc_col-sm-6\" id=\"column-iletisim\"><div class=\"vc_column-inner\"><div class=\"wpb_wrapper\">\n\t<div  class=\"wpb_single_image wpb_content_element vc_align_left\">\n\t\t\n\t\t<figure class=\"wpb_wrapper vc_figure\">\n\t\t\t<div class=\"vc_single_image-wrapper   vc_box_border_grey\"><img decoding=\"async\" width=\"189\" height=\"124\" src=\"data:image\/png;base64,iVBORw0KGgoAAAANSUhEUgAAABAAAAAKCAYAAAC9vt6cAAAACXBIWXMAAA7EAAAOxAGVKw4bAAAB+ElEQVQokQXByW7TUABA0Wv7PQ+ZPKTN0FZFUIFY8CMgIXWH2CGx54dY8DGsEIINFbu2aZI2JnPseIhfbHOOdv3l66dXQ+ui3zFwOy2atsY+SVFKsVptsC3B6YlPkuYYQvLsYkhV1Sw3ezKlT4XTvfg2KxS60nA0G4uawcCjYQtuqhFJcmC+zrAsAZVOVlRYpkle6ozn+0pc9ttIrSJowGnXwhE1nU6bQxrR67qERci\/VYyUBsWhYLHc0Ot67A8VuiF0ce4LpBR0zBLHrInjhDTZcjeasAtDYlVyOezTbDeI4pj5csFy8UgUJ6ijQmhuQKHpLOqaXZ4jNY2Hmx\/sdwsmTyHp4cjt9AFDN6iqmiiK6HTaGIaGUgrtw\/W7WtoNOkEf2fTRm13i7YrHyZj70RTXbeEHHlWyw2zYzDcJurDI8pwoThHe2UvGkzFxco8uQ5ThIqUBZU749Ei2M1nPG7wZNvHTNb9GKdsoQ9M1Wo6G9vb9x7qua2xb0h+csY4yXL\/HbHxLke\/peRLbtnCaAel6RoLLUzghjiNqLITtmCh15FAcub27x\/W72EWC73v0u+fYjkmSJKxXW2TDw1RHri77tNqvaXmDSlhC+yx0cXYsS6RRMb37y8\/ZHCEkz69e4LltgsDj9CTAMHSqqqIsj6Rpxp\/f36f\/ASQc86Hsd4U\/AAAAAElFTkSuQmCC\" class=\"vc_single_image-img attachment-full wd-lazy-load wd-lazy-fade\" alt=\"\" title=\"Ads\u0131z tasar\u0131m (1)\" srcset=\"\" sizes=\"(max-width: 189px) 100vw, 189px\" data-wood-src=\"https:\/\/klasik.koyunlukoltuk.com\/wp-content\/uploads\/2023\/01\/Adsiz-tasarim-1.png\" data-srcset=\"https:\/\/klasik.koyunlukoltuk.com\/wp-content\/uploads\/2023\/01\/Adsiz-tasarim-1.png 189w, https:\/\/klasik.koyunlukoltuk.com\/wp-content\/uploads\/2023\/01\/Adsiz-tasarim-1-18x12.png 18w, https:\/\/klasik.koyunlukoltuk.com\/wp-content\/uploads\/2023\/01\/Adsiz-tasarim-1-150x98.png 150w\" \/><\/div>\n\t\t<\/figure>\n\t<\/div>\n\n\t<div class=\"wpb_text_column wpb_content_element\" >\n\t\t<div class=\"wpb_wrapper\">\n\t\t\t<table>\n<caption>STORE<\/caption>\n<tbody>\n<tr>\n<td class=\"adres\"><a href=\"https:\/\/g.page\/mobilimo?share\">Mobilimo AVM Huzur Mh. Mobilya Vadi Cd. No:2, 16400 \u0130neg\u00f6l\/Bursa<\/a><\/td>\n<\/tr>\n<tr>\n<td><a href=\"tel:+902247120251\">Phone: +90 224 712 02 51<\/a><\/td>\n<\/tr>\n<tr>\n<td><a href=\"tel:+902247140751\">Phone: +90 224 714 07 51<\/a><\/td>\n<\/tr>\n<\/tbody>\n<\/table>\n\n\t\t<\/div>\n\t<\/div>\n<\/div><\/div><\/div><\/div><\/div><\/div><\/div><div class=\"wpb_column vc_column_container vc_col-sm-6\" id=\"column-harita\"><div class=\"vc_column-inner\"><div class=\"wpb_wrapper\"><div class=\"wpb_gmaps_widget wpb_content_element\"><div class=\"wpb_wrapper\"><div class=\"wpb_map_wraper\"><iframe src=\"https:\/\/www.google.com\/maps\/embed?pb=!1m18!1m12!1m3!1d3053.189927702779!2d29.52127401475038!3d40.07117538450783!2m3!1f0!2f0!3f0!3m2!1i1024!2i768!4f13.1!3m3!1m2!1s0x14cbc945237e0ee9%3A0x3772b64cce053c6a!2sKOYUNLU%20MOBILYA!5e0!3m2!1str!2str!4v1640174309880!5m2!1str!2str\" width=\"600\" height=\"450\" style=\"border:0;\" allowfullscreen=\"\" loading=\"lazy\"><\/iframe><\/div><\/div><\/div><\/div><\/div><\/div><\/div><div class=\"vc_row-full-width vc_clearfix\"><\/div><div id=\"row-iletisim-form\" class=\"vc_row wpb_row vc_row-fluid\"><div class=\"wpb_column vc_column_container vc_col-sm-12\"><div class=\"vc_column-inner\"><div class=\"wpb_wrapper\">\n\t<div class=\"wpb_text_column wpb_content_element\" >\n\t\t<div class=\"wpb_wrapper\">\n\t\t\t<div class=\"bize-mesaj-gonder\">SEND US A MESSAGE<\/div>\n<div class=\"sorunuz-varsa\">If you have questions or need any information, our customer service team will be happy to help you.<\/div>\n\n\t\t<\/div>\n\t<\/div>\n\n<div class=\"wpcf7 no-js\" id=\"wpcf7-f6-o1\" lang=\"tr-TR\" dir=\"ltr\" data-wpcf7-id=\"6\">\n<div class=\"screen-reader-response\"><p role=\"status\" aria-live=\"polite\" aria-atomic=\"true\"><\/p> <ul><\/ul><\/div>\n<form action=\"\/en\/wp-json\/wp\/v2\/pages\/35#wpcf7-f6-o1\" method=\"post\" class=\"wpcf7-form init\" aria-label=\"\u0130leti\u015fim Formu\" novalidate=\"novalidate\" data-status=\"init\" data-trp-original-action=\"\/en\/wp-json\/wp\/v2\/pages\/35#wpcf7-f6-o1\">\n<fieldset class=\"hidden-fields-container\"><input type=\"hidden\" name=\"_wpcf7\" value=\"6\" \/><input type=\"hidden\" name=\"_wpcf7_version\" value=\"6.1.3\" \/><input type=\"hidden\" name=\"_wpcf7_locale\" value=\"tr_TR\" \/><input type=\"hidden\" name=\"_wpcf7_unit_tag\" value=\"wpcf7-f6-o1\" \/><input type=\"hidden\" name=\"_wpcf7_container_post\" value=\"0\" \/><input type=\"hidden\" name=\"_wpcf7_posted_data_hash\" value=\"\" \/>\n<\/fieldset>\n<div class=\"ikili-kisim\">\n\t<p><span class=\"wpcf7-form-control-wrap\" data-name=\"your-name\"><input size=\"40\" maxlength=\"400\" class=\"wpcf7-form-control wpcf7-text wpcf7-validates-as-required\" aria-required=\"true\" aria-invalid=\"false\" placeholder=\"Name \/ Surname (required)\" value=\"\" type=\"text\" name=\"your-name\" \/><\/span>\n\t<\/p>\n\t<p><span class=\"wpcf7-form-control-wrap\" data-name=\"your-email\"><input size=\"40\" maxlength=\"400\" class=\"wpcf7-form-control wpcf7-email wpcf7-validates-as-required wpcf7-text wpcf7-validates-as-email\" aria-required=\"true\" aria-invalid=\"false\" placeholder=\"Email (required)\" value=\"\" type=\"email\" name=\"your-email\" \/><\/span>\n\t<\/p>\n<\/div>\n<p><span class=\"wpcf7-form-control-wrap\" data-name=\"your-subject\"><input size=\"40\" maxlength=\"400\" class=\"wpcf7-form-control wpcf7-text\" aria-invalid=\"false\" placeholder=\"Subject\" value=\"\" type=\"text\" name=\"your-subject\" \/><\/span>\n<\/p>\n<p><span class=\"wpcf7-form-control-wrap\" data-name=\"your-message\"><textarea cols=\"40\" rows=\"10\" maxlength=\"2000\" class=\"wpcf7-form-control wpcf7-textarea\" aria-invalid=\"false\" placeholder=\"Message\" name=\"your-message\"><\/textarea><\/span>\n<\/p>\n<div class=\"gizlilik-politikasi\">\n\t<p><span class=\"wpcf7-form-control-wrap\" data-name=\"your-country\"><span class=\"wpcf7-form-control wpcf7-checkbox wpcf7-validates-as-required\"><span class=\"wpcf7-list-item first last\"><label><input type=\"checkbox\" name=\"your-country[]\" value=\"G\u0130ZL\u0130L\u0130K POL\u0130T\u0130KASINI OKUDUM VE KABUL ED\u0130YORUM\" \/><span class=\"wpcf7-list-item-label\">I HAVE READ AND AGREE TO THE PRIVACY POLICY<\/span><\/label><\/span><\/span><\/span>\n\t<\/p>\n<\/div>\n<div class=\"form-buton\">\n\t<p><input class=\"wpcf7-form-control wpcf7-submit has-spinner\" type=\"submit\" value=\"Send\" \/>\n\t<\/p>\n<\/div><div class=\"wpcf7-response-output\" aria-hidden=\"true\"><\/div>\n<input type=\"hidden\" name=\"trp-form-language\" value=\"en\"\/><\/form>\n<\/div>\n\n\t<div class=\"wpb_text_column wpb_content_element\" >\n\t\t<div class=\"wpb_wrapper\">\n\t\t\t<div class=\"takipte-kalin\">FOLLOW<\/div>\n<div class=\"iletisim-sosyal-medya\"><a href=\"https:\/\/www.facebook.com\/KoyunluMobilya\"><br \/>\n<i class=\"fa fa-facebook-square\" aria-hidden=\"true\"><\/i><br \/>\n<\/a><br \/>\n<a href=\"https:\/\/www.instagram.com\/koyunlu.mobilya\/\"><br \/>\n<i class=\"fab fa-instagram\"><\/i><br \/>\n<\/a><br \/>\n<a href=\"https:\/\/www.youtube.com\/channel\/UCLeM-q2D2_UFw4slN_KbbUA\"><br \/>\n<i class=\"fab fa-youtube\"><\/i><br \/>\n<\/a><\/div>\n\n\t\t<\/div>\n\t<\/div>\n<\/div><\/div><\/div><\/div>\n<\/div>","protected":false},"excerpt":{"rendered":"MA\u011eAZA Mobilimo AVM Huzur Mh. Mobilya Vadi Cd. No:2, 16400 \u0130neg\u00f6l\/Bursa Tel: +90 224 712 02 51 Tel: +90 224","protected":false},"author":1,"featured_media":0,"parent":0,"menu_order":0,"comment_status":"closed","ping_status":"closed","template":"","meta":{"footnotes":""},"class_list":["post-35","page","type-page","status-publish","hentry"],"yoast_head":"<!-- This site is optimized with the Yoast SEO plugin v25.6 - https:\/\/yoast.com\/wordpress\/plugins\/seo\/ -->\n<title>\u0130leti\u015fim - Koyunlu Koltuk<\/title>\n<meta name=\"robots\" content=\"index, follow, max-snippet:-1, max-image-preview:large, max-video-preview:-1\" \/>\n<link rel=\"canonical\" href=\"https:\/\/klasik.koyunlukoltuk.com\/en\/iletisim\/\" \/>\n<meta property=\"og:locale\" content=\"en_GB\" \/>\n<meta property=\"og:type\" content=\"article\" \/>\n<meta property=\"og:title\" content=\"\u0130leti\u015fim - Koyunlu Koltuk\" \/>\n<meta property=\"og:url\" content=\"https:\/\/klasik.koyunlukoltuk.com\/en\/iletisim\/\" \/>\n<meta property=\"og:site_name\" content=\"Koyunlu Koltuk\" \/>\n<meta property=\"article:modified_time\" content=\"2023-11-17T09:09:04+00:00\" \/>\n<meta name=\"twitter:card\" content=\"summary_large_image\" \/>\n<meta name=\"twitter:label1\" content=\"Estimated reading time\" \/>\n\t<meta name=\"twitter:data1\" content=\"2 minutes\" \/>\n<script type=\"application\/ld+json\" class=\"yoast-schema-graph\">{\"@context\":\"https:\/\/schema.org\",\"@graph\":[{\"@type\":\"WebPage\",\"@id\":\"https:\/\/klasik.koyunlukoltuk.com\/iletisim\/\",\"url\":\"https:\/\/klasik.koyunlukoltuk.com\/iletisim\/\",\"name\":\"\u0130leti\u015fim - Koyunlu Koltuk\",\"isPartOf\":{\"@id\":\"https:\/\/klasik.koyunlukoltuk.com\/#website\"},\"datePublished\":\"2020-12-21T06:21:17+00:00\",\"dateModified\":\"2023-11-17T09:09:04+00:00\",\"breadcrumb\":{\"@id\":\"https:\/\/klasik.koyunlukoltuk.com\/iletisim\/#breadcrumb\"},\"inLanguage\":\"en-GB\",\"potentialAction\":[{\"@type\":\"ReadAction\",\"target\":[\"https:\/\/klasik.koyunlukoltuk.com\/iletisim\/\"]}]},{\"@type\":\"BreadcrumbList\",\"@id\":\"https:\/\/klasik.koyunlukoltuk.com\/iletisim\/#breadcrumb\",\"itemListElement\":[{\"@type\":\"ListItem\",\"position\":1,\"name\":\"Ana sayfa\",\"item\":\"https:\/\/klasik.koyunlukoltuk.com\/\"},{\"@type\":\"ListItem\",\"position\":2,\"name\":\"\u0130leti\u015fim\"}]},{\"@type\":\"WebSite\",\"@id\":\"https:\/\/klasik.koyunlukoltuk.com\/#website\",\"url\":\"https:\/\/klasik.koyunlukoltuk.com\/\",\"name\":\"Koyunlu Koltuk\",\"description\":\"-\",\"potentialAction\":[{\"@type\":\"SearchAction\",\"target\":{\"@type\":\"EntryPoint\",\"urlTemplate\":\"https:\/\/klasik.koyunlukoltuk.com\/?s={search_term_string}\"},\"query-input\":{\"@type\":\"PropertyValueSpecification\",\"valueRequired\":true,\"valueName\":\"search_term_string\"}}],\"inLanguage\":\"en-GB\"}]}<\/script>\n<!-- \/ Yoast SEO plugin. -->","yoast_head_json":{"title":"Communication - Koyunlu Sofa","robots":{"index":"index","follow":"follow","max-snippet":"max-snippet:-1","max-image-preview":"max-image-preview:large","max-video-preview":"max-video-preview:-1"},"canonical":"https:\/\/klasik.koyunlukoltuk.com\/en\/iletisim\/","og_locale":"en_GB","og_type":"article","og_title":"\u0130leti\u015fim - Koyunlu Koltuk","og_url":"https:\/\/klasik.koyunlukoltuk.com\/en\/iletisim\/","og_site_name":"Koyunlu Koltuk","article_modified_time":"2023-11-17T09:09:04+00:00","twitter_card":"summary_large_image","twitter_misc":{"Estimated reading time":"2 minutes"},"schema":{"@context":"https:\/\/schema.org","@graph":[{"@type":"WebPage","@id":"https:\/\/klasik.koyunlukoltuk.com\/iletisim\/","url":"https:\/\/klasik.koyunlukoltuk.com\/iletisim\/","name":"Communication - Koyunlu Sofa","isPartOf":{"@id":"https:\/\/klasik.koyunlukoltuk.com\/#website"},"datePublished":"2020-12-21T06:21:17+00:00","dateModified":"2023-11-17T09:09:04+00:00","breadcrumb":{"@id":"https:\/\/klasik.koyunlukoltuk.com\/iletisim\/#breadcrumb"},"inLanguage":"en-GB","potentialAction":[{"@type":"ReadAction","target":["https:\/\/klasik.koyunlukoltuk.com\/iletisim\/"]}]},{"@type":"BreadcrumbList","@id":"https:\/\/klasik.koyunlukoltuk.com\/iletisim\/#breadcrumb","itemListElement":[{"@type":"ListItem","position":1,"name":"Ana sayfa","item":"https:\/\/klasik.koyunlukoltuk.com\/"},{"@type":"ListItem","position":2,"name":"\u0130leti\u015fim"}]},{"@type":"WebSite","@id":"https:\/\/klasik.koyunlukoltuk.com\/#website","url":"https:\/\/klasik.koyunlukoltuk.com\/","name":"Koyunlu Sofa","description":"-","potentialAction":[{"@type":"SearchAction","target":{"@type":"EntryPoint","urlTemplate":"https:\/\/klasik.koyunlukoltuk.com\/?s={search_term_string}"},"query-input":{"@type":"PropertyValueSpecification","valueRequired":true,"valueName":"search_term_string"}}],"inLanguage":"en-GB"}]}},"_links":{"self":[{"href":"https:\/\/klasik.koyunlukoltuk.com\/en\/wp-json\/wp\/v2\/pages\/35","targetHints":{"allow":["GET"]}}],"collection":[{"href":"https:\/\/klasik.koyunlukoltuk.com\/en\/wp-json\/wp\/v2\/pages"}],"about":[{"href":"https:\/\/klasik.koyunlukoltuk.com\/en\/wp-json\/wp\/v2\/types\/page"}],"author":[{"embeddable":true,"href":"https:\/\/klasik.koyunlukoltuk.com\/en\/wp-json\/wp\/v2\/users\/1"}],"replies":[{"embeddable":true,"href":"https:\/\/klasik.koyunlukoltuk.com\/en\/wp-json\/wp\/v2\/comments?post=35"}],"version-history":[{"count":17,"href":"https:\/\/klasik.koyunlukoltuk.com\/en\/wp-json\/wp\/v2\/pages\/35\/revisions"}],"predecessor-version":[{"id":293,"href":"https:\/\/klasik.koyunlukoltuk.com\/en\/wp-json\/wp\/v2\/pages\/35\/revisions\/293"}],"wp:attachment":[{"href":"https:\/\/klasik.koyunlukoltuk.com\/en\/wp-json\/wp\/v2\/media?parent=35"}],"curies":[{"name":"wp","href":"https:\/\/api.w.org\/{rel}","templated":true}]}}